{"id":18,"date":"2026-03-06T13:04:24","date_gmt":"2026-03-06T13:04:24","guid":{"rendered":"https:\/\/quananvat.click\/index.php\/home\/"},"modified":"2026-03-17T04:13:29","modified_gmt":"2026-03-17T04:13:29","slug":"home","status":"publish","type":"page","link":"https:\/\/quananvat.click\/","title":{"rendered":"Home"},"content":{"rendered":"\n<h1 class=\"wp-block-heading\">\u0110\u1ed3 \u0102n V\u1eb7t Ngon \u2013 Thi\u00ean \u0110\u01b0\u1eddng \u0102n V\u1eb7t D\u00e0nh Cho Gi\u1edbi Tr\u1ebb<\/h1>\n\n\n\n<h2 class=\"wp-block-heading\">Gi\u1edbi thi\u1ec7u c\u1eeda h\u00e0ng \u0111\u1ed3 \u0103n v\u1eb7t<\/h2>\n\n\n\n<p>\u0110\u1ed3 \u0103n v\u1eb7t lu\u00f4n l\u00e0 nh\u1eefng m\u00f3n \u0103n \u0111\u01b0\u1ee3c nhi\u1ec1u ng\u01b0\u1eddi y\u00eau th\u00edch, \u0111\u1eb7c bi\u1ec7t l\u00e0 h\u1ecdc sinh, sinh vi\u00ean v\u00e0 d\u00e2n v\u0103n ph\u00f2ng. T\u1ea1i c\u1eeda h\u00e0ng <strong>\u0110\u1ed3 \u0102n V\u1eb7t<\/strong>, ch\u00fang t\u00f4i cung c\u1ea5p nhi\u1ec1u lo\u1ea1i \u0111\u1ed3 \u0103n v\u1eb7t th\u01a1m ngon, h\u1ea5p d\u1eabn c\u00f9ng c\u00e1c lo\u1ea1i n\u01b0\u1edbc gi\u1ea3i kh\u00e1t gi\u00fap b\u1ea1n th\u01b0\u1edfng th\u1ee9c tr\u1ecdn v\u1eb9n h\u01b0\u01a1ng v\u1ecb.<\/p>\n\n\n\n<p>C\u00e1c s\u1ea3n ph\u1ea9m t\u1ea1i c\u1eeda h\u00e0ng \u0111\u01b0\u1ee3c l\u1ef1a ch\u1ecdn k\u1ef9 l\u01b0\u1ee1ng nh\u1eb1m mang \u0111\u1ebfn cho kh\u00e1ch h\u00e0ng nh\u1eefng m\u00f3n \u0103n ngon, ch\u1ea5t l\u01b0\u1ee3ng v\u00e0 an to\u00e0n. N\u1ebfu b\u1ea1n \u0111ang t\u00ecm ki\u1ebfm nh\u1eefng m\u00f3n \u0103n v\u1eb7t ngon \u0111\u1ec3 th\u01b0\u1edfng th\u1ee9c c\u00f9ng b\u1ea1n b\u00e8 ho\u1eb7c trong l\u00fac th\u01b0 gi\u00e3n, c\u1eeda h\u00e0ng c\u1ee7a ch\u00fang t\u00f4i ch\u00ednh l\u00e0 l\u1ef1a ch\u1ecdn ph\u00f9 h\u1ee3p.<\/p>\n\n\n\n<hr class=\"wp-block-separator has-alpha-channel-opacity\"\/>\n\n\n\n<h2 class=\"wp-block-heading\">C\u00e1c m\u00f3n \u0111\u1ed3 \u0103n v\u1eb7t \u0111\u01b0\u1ee3c y\u00eau th\u00edch<\/h2>\n\n\n\n<p>T\u1ea1i c\u1eeda h\u00e0ng, b\u1ea1n c\u00f3 th\u1ec3 t\u00ecm th\u1ea5y nhi\u1ec1u lo\u1ea1i \u0111\u1ed3 \u0103n v\u1eb7t h\u1ea5p d\u1eabn nh\u01b0:<\/p>\n\n\n\n<ul class=\"wp-block-list\">\n<li>Snack gi\u00f2n tan nhi\u1ec1u h\u01b0\u01a1ng v\u1ecb<\/li>\n\n\n\n<li>B\u00e1nh tr\u00e1ng tr\u1ed9n \u0111\u1eadm \u0111\u00e0<\/li>\n\n\n\n<li>Kh\u00f4 g\u00e0 cay th\u01a1m ngon<\/li>\n\n\n\n<li>B\u00e1nh k\u1eb9o \u0103n v\u1eb7t \u0111a d\u1ea1ng<\/li>\n\n\n\n<li>Tr\u00e0 s\u1eefa, tr\u00e0 chanh v\u00e0 c\u00e1c lo\u1ea1i n\u01b0\u1edbc ng\u1ecdt gi\u1ea3i kh\u00e1t<\/li>\n<\/ul>\n\n\n\n<p>Nh\u1eefng m\u00f3n \u0103n v\u00e0 th\u1ee9c u\u1ed1ng n\u00e0y r\u1ea5t ph\u00f9 h\u1ee3p \u0111\u1ec3 th\u01b0\u1edfng th\u1ee9c khi xem phim, h\u1ecdc b\u00e0i ho\u1eb7c t\u1ee5 t\u1eadp c\u00f9ng b\u1ea1n b\u00e8.<\/p>\n\n\n\n<hr class=\"wp-block-separator has-alpha-channel-opacity\"\/>\n\n\n\n<h2 class=\"wp-block-heading\">V\u00ec sao n\u00ean ch\u1ecdn c\u1eeda h\u00e0ng \u0110\u1ed3 \u0102n V\u1eb7t c\u1ee7a ch\u00fang t\u00f4i?<\/h2>\n\n\n\n<h3 class=\"wp-block-heading\">\u0110a d\u1ea1ng m\u00f3n \u0103n v\u00e0 th\u1ee9c u\u1ed1ng<\/h3>\n\n\n\n<p>C\u1eeda h\u00e0ng cung c\u1ea5p nhi\u1ec1u lo\u1ea1i \u0111\u1ed3 \u0103n v\u1eb7t v\u00e0 n\u01b0\u1edbc gi\u1ea3i kh\u00e1t gi\u00fap b\u1ea1n d\u1ec5 d\u00e0ng l\u1ef1a ch\u1ecdn m\u00f3n y\u00eau th\u00edch.<\/p>\n\n\n\n<h3 class=\"wp-block-heading\">Ch\u1ea5t l\u01b0\u1ee3ng \u0111\u1ea3m b\u1ea3o<\/h3>\n\n\n\n<p>S\u1ea3n ph\u1ea9m \u0111\u01b0\u1ee3c l\u1ef1a ch\u1ecdn c\u1ea9n th\u1eadn, \u0111\u1ea3m b\u1ea3o v\u1ec7 sinh v\u00e0 an to\u00e0n th\u1ef1c ph\u1ea9m.<\/p>\n\n\n\n<h3 class=\"wp-block-heading\">Gi\u00e1 c\u1ea3 h\u1ee3p l\u00fd<\/h3>\n\n\n\n<p>Gi\u00e1 c\u1ea3 ph\u00f9 h\u1ee3p v\u1edbi h\u1ecdc sinh, sinh vi\u00ean v\u00e0 m\u1ecdi \u0111\u1ed1i t\u01b0\u1ee3ng kh\u00e1ch h\u00e0ng.<\/p>\n\n\n\n<h3 class=\"wp-block-heading\">Giao h\u00e0ng nhanh ch\u00f3ng<\/h3>\n\n\n\n<p>Ch\u00fang t\u00f4i h\u1ed7 tr\u1ee3 giao h\u00e0ng nhanh \u0111\u1ec3 b\u1ea1n c\u00f3 th\u1ec3 th\u01b0\u1edfng th\u1ee9c \u0111\u1ed3 \u0103n v\u1eb7t m\u1ecdi l\u00fac m\u1ecdi n\u01a1i.<\/p>\n\n\n\n<hr class=\"wp-block-separator has-alpha-channel-opacity\"\/>\n\n\n\n<h2 class=\"wp-block-heading\">Th\u01b0\u1edfng th\u1ee9c \u0111\u1ed3 \u0103n v\u1eb7t m\u1ed7i ng\u00e0y<\/h2>\n\n\n\n<p>\u0110\u1ed3 \u0103n v\u1eb7t kh\u00f4ng ch\u1ec9 gi\u00fap b\u1ea1n th\u1ecfa m\u00e3n v\u1ecb gi\u00e1c m\u00e0 c\u00f2n mang l\u1ea1i c\u1ea3m gi\u00e1c th\u01b0 gi\u00e3n sau nh\u1eefng gi\u1edd h\u1ecdc t\u1eadp v\u00e0 l\u00e0m vi\u1ec7c c\u0103ng th\u1eb3ng. V\u1edbi nhi\u1ec1u m\u00f3n \u0103n v\u00e0 th\u1ee9c u\u1ed1ng h\u1ea5p d\u1eabn, c\u1eeda h\u00e0ng \u0110\u1ed3 \u0102n V\u1eb7t s\u1ebd mang \u0111\u1ebfn cho b\u1ea1n nh\u1eefng tr\u1ea3i nghi\u1ec7m \u1ea9m th\u1ef1c th\u00fa v\u1ecb.<\/p>\n\n\n\n<p>H\u00e3y kh\u00e1m ph\u00e1 ngay c\u00e1c s\u1ea3n ph\u1ea9m t\u1ea1i c\u1eeda h\u00e0ng \u0111\u1ec3 l\u1ef1a ch\u1ecdn cho m\u00ecnh nh\u1eefng m\u00f3n \u0103n v\u1eb7t ngon v\u00e0 h\u1ea5p d\u1eabn.<\/p>\n\n\n\n<hr class=\"wp-block-separator has-alpha-channel-opacity\"\/>\n\n\n\n<h2 class=\"wp-block-heading\">Mua \u0111\u1ed3 \u0103n v\u1eb7t ngon \u1edf \u0111\u00e2u?<\/h2>\n\n\n\n<p>N\u1ebfu b\u1ea1n \u0111ang t\u00ecm ki\u1ebfm n\u01a1i b\u00e1n <strong>\u0111\u1ed3 \u0103n v\u1eb7t ngon, ch\u1ea5t l\u01b0\u1ee3ng v\u00e0 gi\u00e1 r\u1ebb<\/strong>, c\u1eeda h\u00e0ng <strong>\u0110\u1ed3 \u0102n V\u1eb7t<\/strong> ch\u00ednh l\u00e0 l\u1ef1a ch\u1ecdn l\u00fd t\u01b0\u1edfng. Ch\u00fang t\u00f4i lu\u00f4n mang \u0111\u1ebfn nh\u1eefng s\u1ea3n ph\u1ea9m th\u01a1m ngon v\u00e0 ph\u00f9 h\u1ee3p v\u1edbi nhu c\u1ea7u c\u1ee7a kh\u00e1ch h\u00e0ng.<\/p>\n\n\n\n<p>\ud83d\udc49 Kh\u00e1m ph\u00e1 ngay c\u00e1c s\u1ea3n ph\u1ea9m v\u00e0 ch\u1ecdn cho m\u00ecnh m\u00f3n \u0111\u1ed3 \u0103n v\u1eb7t y\u00eau th\u00edch.<\/p>\n","protected":false},"excerpt":{"rendered":"<p>\u0110\u1ed3 \u0102n V\u1eb7t Ngon \u2013 Thi\u00ean \u0110\u01b0\u1eddng \u0102n V\u1eb7t D\u00e0nh Cho Gi\u1edbi Tr\u1ebb Gi\u1edbi thi\u1ec7u c\u1eeda h\u00e0ng \u0111\u1ed3 \u0103n v\u1eb7t \u0110\u1ed3 \u0103n v\u1eb7t lu\u00f4n l\u00e0 nh\u1eefng m\u00f3n \u0103n \u0111\u01b0\u1ee3c nhi\u1ec1u ng\u01b0\u1eddi y\u00eau th\u00edch, \u0111\u1eb7c bi\u1ec7t l\u00e0 h\u1ecdc sinh, sinh vi\u00ean v\u00e0 d\u00e2n v\u0103n ph\u00f2ng. T\u1ea1i c\u1eeda h\u00e0ng \u0110\u1ed3 \u0102n V\u1eb7t, ch\u00fang t\u00f4i cung c\u1ea5p nhi\u1ec1u [&hellip;]<\/p>\n","protected":false},"author":1,"featured_media":0,"parent":0,"menu_order":0,"comment_status":"closed","ping_status":"closed","template":"","meta":{"footnotes":""},"class_list":["post-18","page","type-page","status-publish","hentry"],"yoast_head":"<!-- This site is optimized with the Yoast SEO plugin v27.2 - https:\/\/yoast.com\/product\/yoast-seo-wordpress\/ -->\n<title>Home - \u0110\u1ed3 \u0102n V\u1eb7t<\/title>\n<meta name=\"robots\" content=\"index, follow, max-snippet:-1, max-image-preview:large, max-video-preview:-1\" \/>\n<link rel=\"canonical\" href=\"https:\/\/quananvat.click\/\" \/>\n<meta property=\"og:locale\" content=\"vi_VN\" \/>\n<meta property=\"og:type\" content=\"article\" \/>\n<meta property=\"og:title\" content=\"Home - \u0110\u1ed3 \u0102n V\u1eb7t\" \/>\n<meta property=\"og:description\" content=\"\u0110\u1ed3 \u0102n V\u1eb7t Ngon \u2013 Thi\u00ean \u0110\u01b0\u1eddng \u0102n V\u1eb7t D\u00e0nh Cho Gi\u1edbi Tr\u1ebb Gi\u1edbi thi\u1ec7u c\u1eeda h\u00e0ng \u0111\u1ed3 \u0103n v\u1eb7t \u0110\u1ed3 \u0103n v\u1eb7t lu\u00f4n l\u00e0 nh\u1eefng m\u00f3n \u0103n \u0111\u01b0\u1ee3c nhi\u1ec1u ng\u01b0\u1eddi y\u00eau th\u00edch, \u0111\u1eb7c bi\u1ec7t l\u00e0 h\u1ecdc sinh, sinh vi\u00ean v\u00e0 d\u00e2n v\u0103n ph\u00f2ng. T\u1ea1i c\u1eeda h\u00e0ng \u0110\u1ed3 \u0102n V\u1eb7t, ch\u00fang t\u00f4i cung c\u1ea5p nhi\u1ec1u [&hellip;]\" \/>\n<meta property=\"og:url\" content=\"https:\/\/quananvat.click\/\" \/>\n<meta property=\"og:site_name\" content=\"\u0110\u1ed3 \u0102n V\u1eb7t\" \/>\n<meta property=\"article:modified_time\" content=\"2026-03-17T04:13:29+00:00\" \/>\n<meta name=\"twitter:card\" content=\"summary_large_image\" \/>\n<meta name=\"twitter:label1\" content=\"\u01af\u1edbc t\u00ednh th\u1eddi gian \u0111\u1ecdc\" \/>\n\t<meta name=\"twitter:data1\" content=\"4 ph\u00fat\" \/>\n<script type=\"application\/ld+json\" class=\"yoast-schema-graph\">{\"@context\":\"https:\/\/schema.org\",\"@graph\":[{\"@type\":\"WebPage\",\"@id\":\"https:\/\/quananvat.click\/\",\"url\":\"https:\/\/quananvat.click\/\",\"name\":\"Home - \u0110\u1ed3 \u0102n V\u1eb7t\",\"isPartOf\":{\"@id\":\"https:\/\/quananvat.click\/#website\"},\"datePublished\":\"2026-03-06T13:04:24+00:00\",\"dateModified\":\"2026-03-17T04:13:29+00:00\",\"breadcrumb\":{\"@id\":\"https:\/\/quananvat.click\/#breadcrumb\"},\"inLanguage\":\"vi\",\"potentialAction\":[{\"@type\":\"ReadAction\",\"target\":[\"https:\/\/quananvat.click\/\"]}]},{\"@type\":\"BreadcrumbList\",\"@id\":\"https:\/\/quananvat.click\/#breadcrumb\",\"itemListElement\":[{\"@type\":\"ListItem\",\"position\":1,\"name\":\"Trang ch\u1ee7\",\"item\":\"https:\/\/quananvat.click\/\"},{\"@type\":\"ListItem\",\"position\":2,\"name\":\"Home\"}]},{\"@type\":\"WebSite\",\"@id\":\"https:\/\/quananvat.click\/#website\",\"url\":\"https:\/\/quananvat.click\/\",\"name\":\"\u0110\u1ed3 \u0102n V\u1eb7t\",\"description\":\"\",\"publisher\":{\"@id\":\"https:\/\/quananvat.click\/#organization\"},\"potentialAction\":[{\"@type\":\"SearchAction\",\"target\":{\"@type\":\"EntryPoint\",\"urlTemplate\":\"https:\/\/quananvat.click\/?s={search_term_string}\"},\"query-input\":{\"@type\":\"PropertyValueSpecification\",\"valueRequired\":true,\"valueName\":\"search_term_string\"}}],\"inLanguage\":\"vi\"},{\"@type\":\"Organization\",\"@id\":\"https:\/\/quananvat.click\/#organization\",\"name\":\"\u0110\u1ed3 \u0102n V\u1eb7t\",\"url\":\"https:\/\/quananvat.click\/\",\"logo\":{\"@type\":\"ImageObject\",\"inLanguage\":\"vi\",\"@id\":\"https:\/\/quananvat.click\/#\/schema\/logo\/image\/\",\"url\":\"https:\/\/quananvat.click\/wp-content\/uploads\/2026\/03\/unnamed-removebg-preview-3.png\",\"contentUrl\":\"https:\/\/quananvat.click\/wp-content\/uploads\/2026\/03\/unnamed-removebg-preview-3.png\",\"width\":500,\"height\":500,\"caption\":\"\u0110\u1ed3 \u0102n V\u1eb7t\"},\"image\":{\"@id\":\"https:\/\/quananvat.click\/#\/schema\/logo\/image\/\"}}]}<\/script>\n<!-- \/ Yoast SEO plugin. -->","yoast_head_json":{"title":"Home - \u0110\u1ed3 \u0102n V\u1eb7t","robots":{"index":"index","follow":"follow","max-snippet":"max-snippet:-1","max-image-preview":"max-image-preview:large","max-video-preview":"max-video-preview:-1"},"canonical":"https:\/\/quananvat.click\/","og_locale":"vi_VN","og_type":"article","og_title":"Home - \u0110\u1ed3 \u0102n V\u1eb7t","og_description":"\u0110\u1ed3 \u0102n V\u1eb7t Ngon \u2013 Thi\u00ean \u0110\u01b0\u1eddng \u0102n V\u1eb7t D\u00e0nh Cho Gi\u1edbi Tr\u1ebb Gi\u1edbi thi\u1ec7u c\u1eeda h\u00e0ng \u0111\u1ed3 \u0103n v\u1eb7t \u0110\u1ed3 \u0103n v\u1eb7t lu\u00f4n l\u00e0 nh\u1eefng m\u00f3n \u0103n \u0111\u01b0\u1ee3c nhi\u1ec1u ng\u01b0\u1eddi y\u00eau th\u00edch, \u0111\u1eb7c bi\u1ec7t l\u00e0 h\u1ecdc sinh, sinh vi\u00ean v\u00e0 d\u00e2n v\u0103n ph\u00f2ng. T\u1ea1i c\u1eeda h\u00e0ng \u0110\u1ed3 \u0102n V\u1eb7t, ch\u00fang t\u00f4i cung c\u1ea5p nhi\u1ec1u [&hellip;]","og_url":"https:\/\/quananvat.click\/","og_site_name":"\u0110\u1ed3 \u0102n V\u1eb7t","article_modified_time":"2026-03-17T04:13:29+00:00","twitter_card":"summary_large_image","twitter_misc":{"\u01af\u1edbc t\u00ednh th\u1eddi gian \u0111\u1ecdc":"4 ph\u00fat"},"schema":{"@context":"https:\/\/schema.org","@graph":[{"@type":"WebPage","@id":"https:\/\/quananvat.click\/","url":"https:\/\/quananvat.click\/","name":"Home - \u0110\u1ed3 \u0102n V\u1eb7t","isPartOf":{"@id":"https:\/\/quananvat.click\/#website"},"datePublished":"2026-03-06T13:04:24+00:00","dateModified":"2026-03-17T04:13:29+00:00","breadcrumb":{"@id":"https:\/\/quananvat.click\/#breadcrumb"},"inLanguage":"vi","potentialAction":[{"@type":"ReadAction","target":["https:\/\/quananvat.click\/"]}]},{"@type":"BreadcrumbList","@id":"https:\/\/quananvat.click\/#breadcrumb","itemListElement":[{"@type":"ListItem","position":1,"name":"Trang ch\u1ee7","item":"https:\/\/quananvat.click\/"},{"@type":"ListItem","position":2,"name":"Home"}]},{"@type":"WebSite","@id":"https:\/\/quananvat.click\/#website","url":"https:\/\/quananvat.click\/","name":"\u0110\u1ed3 \u0102n V\u1eb7t","description":"","publisher":{"@id":"https:\/\/quananvat.click\/#organization"},"potentialAction":[{"@type":"SearchAction","target":{"@type":"EntryPoint","urlTemplate":"https:\/\/quananvat.click\/?s={search_term_string}"},"query-input":{"@type":"PropertyValueSpecification","valueRequired":true,"valueName":"search_term_string"}}],"inLanguage":"vi"},{"@type":"Organization","@id":"https:\/\/quananvat.click\/#organization","name":"\u0110\u1ed3 \u0102n V\u1eb7t","url":"https:\/\/quananvat.click\/","logo":{"@type":"ImageObject","inLanguage":"vi","@id":"https:\/\/quananvat.click\/#\/schema\/logo\/image\/","url":"https:\/\/quananvat.click\/wp-content\/uploads\/2026\/03\/unnamed-removebg-preview-3.png","contentUrl":"https:\/\/quananvat.click\/wp-content\/uploads\/2026\/03\/unnamed-removebg-preview-3.png","width":500,"height":500,"caption":"\u0110\u1ed3 \u0102n V\u1eb7t"},"image":{"@id":"https:\/\/quananvat.click\/#\/schema\/logo\/image\/"}}]}},"jetpack_sharing_enabled":true,"_links":{"self":[{"href":"https:\/\/quananvat.click\/index.php\/wp-json\/wp\/v2\/pages\/18","targetHints":{"allow":["GET"]}}],"collection":[{"href":"https:\/\/quananvat.click\/index.php\/wp-json\/wp\/v2\/pages"}],"about":[{"href":"https:\/\/quananvat.click\/index.php\/wp-json\/wp\/v2\/types\/page"}],"author":[{"embeddable":true,"href":"https:\/\/quananvat.click\/index.php\/wp-json\/wp\/v2\/users\/1"}],"replies":[{"embeddable":true,"href":"https:\/\/quananvat.click\/index.php\/wp-json\/wp\/v2\/comments?post=18"}],"version-history":[{"count":1,"href":"https:\/\/quananvat.click\/index.php\/wp-json\/wp\/v2\/pages\/18\/revisions"}],"predecessor-version":[{"id":175,"href":"https:\/\/quananvat.click\/index.php\/wp-json\/wp\/v2\/pages\/18\/revisions\/175"}],"wp:attachment":[{"href":"https:\/\/quananvat.click\/index.php\/wp-json\/wp\/v2\/media?parent=18"}],"curies":[{"name":"wp","href":"https:\/\/api.w.org\/{rel}","templated":true}]}}