{"id":222,"date":"2026-03-14T03:51:04","date_gmt":"2026-03-14T03:51:04","guid":{"rendered":"https:\/\/quananvat.click\/?post_type=product&#038;p=222"},"modified":"2026-03-17T14:49:55","modified_gmt":"2026-03-17T14:49:55","slug":"pho-mai-que","status":"publish","type":"product","link":"https:\/\/quananvat.click\/index.php\/product\/pho-mai-que\/","title":{"rendered":"Ph\u00f4 Mai Que"},"content":{"rendered":"<p data-start=\"792\" data-end=\"998\">Ph\u00f4 mai que gi\u00f2n r\u1ee5m b\u00ean ngo\u00e0i, m\u1ec1m b\u00e9o b\u00ean trong v\u1edbi l\u1edbp ph\u00f4 mai mozzarella k\u00e9o s\u1ee3i h\u1ea5p d\u1eabn. M\u00f3n \u0103n v\u1eb7t th\u01a1m ngon, d\u00f9ng k\u00e8m t\u01b0\u01a1ng \u1edbt ho\u1eb7c t\u01b0\u01a1ng c\u00e0, r\u1ea5t th\u00edch h\u1ee3p \u0111\u1ec3 th\u01b0\u1edfng th\u1ee9c c\u00f9ng b\u1ea1n b\u00e8 v\u00e0 gia \u0111\u00ecnh. \ud83e\uddc0\u2728<\/p>\n","protected":false},"excerpt":{"rendered":"<p>Ph\u00f4 mai que gi\u00f2n r\u1ee5m b\u00ean ngo\u00e0i, m\u1ec1m b\u00e9o b\u00ean trong v\u1edbi l\u1edbp ph\u00f4 mai mozzarella k\u00e9o s\u1ee3i h\u1ea5p d\u1eabn. M\u00f3n \u0103n v\u1eb7t th\u01a1m ngon, d\u00f9ng k\u00e8m t\u01b0\u01a1ng \u1edbt ho\u1eb7c t\u01b0\u01a1ng c\u00e0, r\u1ea5t th\u00edch h\u1ee3p \u0111\u1ec3 th\u01b0\u1edfng th\u1ee9c c\u00f9ng b\u1ea1n b\u00e8 v\u00e0 gia \u0111\u00ecnh. \ud83e\uddc0\u2728<\/p>\n","protected":false},"featured_media":223,"comment_status":"open","ping_status":"closed","template":"","meta":[],"product_brand":[],"product_cat":[34],"product_tag":[],"class_list":{"0":"post-222","1":"product","2":"type-product","3":"status-publish","4":"has-post-thumbnail","6":"product_cat-do-an-vat","8":"first","9":"instock","10":"sale","11":"featured","12":"shipping-taxable","13":"purchasable","14":"product-type-simple"},"yoast_head":"<!-- This site is optimized with the Yoast SEO plugin v27.2 - https:\/\/yoast.com\/product\/yoast-seo-wordpress\/ -->\n<title>Ph\u00f4 Mai Que - \u0110\u1ed3 \u0102n V\u1eb7t<\/title>\n<meta name=\"robots\" content=\"index, follow, max-snippet:-1, max-image-preview:large, max-video-preview:-1\" \/>\n<link rel=\"canonical\" href=\"https:\/\/quananvat.click\/index.php\/product\/pho-mai-que\/\" \/>\n<meta property=\"og:locale\" content=\"vi_VN\" \/>\n<meta property=\"og:type\" content=\"article\" \/>\n<meta property=\"og:title\" content=\"Ph\u00f4 Mai Que - \u0110\u1ed3 \u0102n V\u1eb7t\" \/>\n<meta property=\"og:description\" content=\"Ph\u00f4 mai que gi\u00f2n r\u1ee5m b\u00ean ngo\u00e0i, m\u1ec1m b\u00e9o b\u00ean trong v\u1edbi l\u1edbp ph\u00f4 mai mozzarella k\u00e9o s\u1ee3i h\u1ea5p d\u1eabn. M\u00f3n \u0103n v\u1eb7t th\u01a1m ngon, d\u00f9ng k\u00e8m t\u01b0\u01a1ng \u1edbt ho\u1eb7c t\u01b0\u01a1ng c\u00e0, r\u1ea5t th\u00edch h\u1ee3p \u0111\u1ec3 th\u01b0\u1edfng th\u1ee9c c\u00f9ng b\u1ea1n b\u00e8 v\u00e0 gia \u0111\u00ecnh. \ud83e\uddc0\u2728\" \/>\n<meta property=\"og:url\" content=\"https:\/\/quananvat.click\/index.php\/product\/pho-mai-que\/\" \/>\n<meta property=\"og:site_name\" content=\"\u0110\u1ed3 \u0102n V\u1eb7t\" \/>\n<meta property=\"article:modified_time\" content=\"2026-03-17T14:49:55+00:00\" \/>\n<meta property=\"og:image\" content=\"https:\/\/quananvat.click\/wp-content\/uploads\/2026\/03\/9-pho-mai-que-thom-ngon-beo-ngay-sau-khi-hoan-tat.jpeg\" \/>\n\t<meta property=\"og:image:width\" content=\"700\" \/>\n\t<meta property=\"og:image:height\" content=\"394\" \/>\n\t<meta property=\"og:image:type\" content=\"image\/jpeg\" \/>\n<meta name=\"twitter:card\" content=\"summary_large_image\" \/>\n<script type=\"application\/ld+json\" class=\"yoast-schema-graph\">{\"@context\":\"https:\/\/schema.org\",\"@graph\":[{\"@type\":\"WebPage\",\"@id\":\"https:\/\/quananvat.click\/index.php\/product\/pho-mai-que\/\",\"url\":\"https:\/\/quananvat.click\/index.php\/product\/pho-mai-que\/\",\"name\":\"Ph\u00f4 Mai Que - \u0110\u1ed3 \u0102n V\u1eb7t\",\"isPartOf\":{\"@id\":\"https:\/\/quananvat.click\/#website\"},\"primaryImageOfPage\":{\"@id\":\"https:\/\/quananvat.click\/index.php\/product\/pho-mai-que\/#primaryimage\"},\"image\":{\"@id\":\"https:\/\/quananvat.click\/index.php\/product\/pho-mai-que\/#primaryimage\"},\"thumbnailUrl\":\"https:\/\/quananvat.click\/wp-content\/uploads\/2026\/03\/9-pho-mai-que-thom-ngon-beo-ngay-sau-khi-hoan-tat.jpeg\",\"datePublished\":\"2026-03-14T03:51:04+00:00\",\"dateModified\":\"2026-03-17T14:49:55+00:00\",\"breadcrumb\":{\"@id\":\"https:\/\/quananvat.click\/index.php\/product\/pho-mai-que\/#breadcrumb\"},\"inLanguage\":\"vi\",\"potentialAction\":[{\"@type\":\"ReadAction\",\"target\":[\"https:\/\/quananvat.click\/index.php\/product\/pho-mai-que\/\"]}]},{\"@type\":\"ImageObject\",\"inLanguage\":\"vi\",\"@id\":\"https:\/\/quananvat.click\/index.php\/product\/pho-mai-que\/#primaryimage\",\"url\":\"https:\/\/quananvat.click\/wp-content\/uploads\/2026\/03\/9-pho-mai-que-thom-ngon-beo-ngay-sau-khi-hoan-tat.jpeg\",\"contentUrl\":\"https:\/\/quananvat.click\/wp-content\/uploads\/2026\/03\/9-pho-mai-que-thom-ngon-beo-ngay-sau-khi-hoan-tat.jpeg\",\"width\":700,\"height\":394},{\"@type\":\"BreadcrumbList\",\"@id\":\"https:\/\/quananvat.click\/index.php\/product\/pho-mai-que\/#breadcrumb\",\"itemListElement\":[{\"@type\":\"ListItem\",\"position\":1,\"name\":\"Trang ch\u1ee7\",\"item\":\"https:\/\/quananvat.click\/\"},{\"@type\":\"ListItem\",\"position\":2,\"name\":\"Shop\",\"item\":\"https:\/\/quananvat.click\/index.php\/shop\/\"},{\"@type\":\"ListItem\",\"position\":3,\"name\":\"Ph\u00f4 Mai Que\"}]},{\"@type\":\"WebSite\",\"@id\":\"https:\/\/quananvat.click\/#website\",\"url\":\"https:\/\/quananvat.click\/\",\"name\":\"\u0110\u1ed3 \u0102n V\u1eb7t\",\"description\":\"\",\"publisher\":{\"@id\":\"https:\/\/quananvat.click\/#organization\"},\"potentialAction\":[{\"@type\":\"SearchAction\",\"target\":{\"@type\":\"EntryPoint\",\"urlTemplate\":\"https:\/\/quananvat.click\/?s={search_term_string}\"},\"query-input\":{\"@type\":\"PropertyValueSpecification\",\"valueRequired\":true,\"valueName\":\"search_term_string\"}}],\"inLanguage\":\"vi\"},{\"@type\":\"Organization\",\"@id\":\"https:\/\/quananvat.click\/#organization\",\"name\":\"\u0110\u1ed3 \u0102n V\u1eb7t\",\"url\":\"https:\/\/quananvat.click\/\",\"logo\":{\"@type\":\"ImageObject\",\"inLanguage\":\"vi\",\"@id\":\"https:\/\/quananvat.click\/#\/schema\/logo\/image\/\",\"url\":\"https:\/\/quananvat.click\/wp-content\/uploads\/2026\/03\/unnamed-removebg-preview-3.png\",\"contentUrl\":\"https:\/\/quananvat.click\/wp-content\/uploads\/2026\/03\/unnamed-removebg-preview-3.png\",\"width\":500,\"height\":500,\"caption\":\"\u0110\u1ed3 \u0102n V\u1eb7t\"},\"image\":{\"@id\":\"https:\/\/quananvat.click\/#\/schema\/logo\/image\/\"}}]}<\/script>\n<!-- \/ Yoast SEO plugin. -->","yoast_head_json":{"title":"Ph\u00f4 Mai Que - \u0110\u1ed3 \u0102n V\u1eb7t","robots":{"index":"index","follow":"follow","max-snippet":"max-snippet:-1","max-image-preview":"max-image-preview:large","max-video-preview":"max-video-preview:-1"},"canonical":"https:\/\/quananvat.click\/index.php\/product\/pho-mai-que\/","og_locale":"vi_VN","og_type":"article","og_title":"Ph\u00f4 Mai Que - \u0110\u1ed3 \u0102n V\u1eb7t","og_description":"Ph\u00f4 mai que gi\u00f2n r\u1ee5m b\u00ean ngo\u00e0i, m\u1ec1m b\u00e9o b\u00ean trong v\u1edbi l\u1edbp ph\u00f4 mai mozzarella k\u00e9o s\u1ee3i h\u1ea5p d\u1eabn. M\u00f3n \u0103n v\u1eb7t th\u01a1m ngon, d\u00f9ng k\u00e8m t\u01b0\u01a1ng \u1edbt ho\u1eb7c t\u01b0\u01a1ng c\u00e0, r\u1ea5t th\u00edch h\u1ee3p \u0111\u1ec3 th\u01b0\u1edfng th\u1ee9c c\u00f9ng b\u1ea1n b\u00e8 v\u00e0 gia \u0111\u00ecnh. \ud83e\uddc0\u2728","og_url":"https:\/\/quananvat.click\/index.php\/product\/pho-mai-que\/","og_site_name":"\u0110\u1ed3 \u0102n V\u1eb7t","article_modified_time":"2026-03-17T14:49:55+00:00","og_image":[{"width":700,"height":394,"url":"https:\/\/quananvat.click\/wp-content\/uploads\/2026\/03\/9-pho-mai-que-thom-ngon-beo-ngay-sau-khi-hoan-tat.jpeg","type":"image\/jpeg"}],"twitter_card":"summary_large_image","schema":{"@context":"https:\/\/schema.org","@graph":[{"@type":"WebPage","@id":"https:\/\/quananvat.click\/index.php\/product\/pho-mai-que\/","url":"https:\/\/quananvat.click\/index.php\/product\/pho-mai-que\/","name":"Ph\u00f4 Mai Que - \u0110\u1ed3 \u0102n V\u1eb7t","isPartOf":{"@id":"https:\/\/quananvat.click\/#website"},"primaryImageOfPage":{"@id":"https:\/\/quananvat.click\/index.php\/product\/pho-mai-que\/#primaryimage"},"image":{"@id":"https:\/\/quananvat.click\/index.php\/product\/pho-mai-que\/#primaryimage"},"thumbnailUrl":"https:\/\/quananvat.click\/wp-content\/uploads\/2026\/03\/9-pho-mai-que-thom-ngon-beo-ngay-sau-khi-hoan-tat.jpeg","datePublished":"2026-03-14T03:51:04+00:00","dateModified":"2026-03-17T14:49:55+00:00","breadcrumb":{"@id":"https:\/\/quananvat.click\/index.php\/product\/pho-mai-que\/#breadcrumb"},"inLanguage":"vi","potentialAction":[{"@type":"ReadAction","target":["https:\/\/quananvat.click\/index.php\/product\/pho-mai-que\/"]}]},{"@type":"ImageObject","inLanguage":"vi","@id":"https:\/\/quananvat.click\/index.php\/product\/pho-mai-que\/#primaryimage","url":"https:\/\/quananvat.click\/wp-content\/uploads\/2026\/03\/9-pho-mai-que-thom-ngon-beo-ngay-sau-khi-hoan-tat.jpeg","contentUrl":"https:\/\/quananvat.click\/wp-content\/uploads\/2026\/03\/9-pho-mai-que-thom-ngon-beo-ngay-sau-khi-hoan-tat.jpeg","width":700,"height":394},{"@type":"BreadcrumbList","@id":"https:\/\/quananvat.click\/index.php\/product\/pho-mai-que\/#breadcrumb","itemListElement":[{"@type":"ListItem","position":1,"name":"Trang ch\u1ee7","item":"https:\/\/quananvat.click\/"},{"@type":"ListItem","position":2,"name":"Shop","item":"https:\/\/quananvat.click\/index.php\/shop\/"},{"@type":"ListItem","position":3,"name":"Ph\u00f4 Mai Que"}]},{"@type":"WebSite","@id":"https:\/\/quananvat.click\/#website","url":"https:\/\/quananvat.click\/","name":"\u0110\u1ed3 \u0102n V\u1eb7t","description":"","publisher":{"@id":"https:\/\/quananvat.click\/#organization"},"potentialAction":[{"@type":"SearchAction","target":{"@type":"EntryPoint","urlTemplate":"https:\/\/quananvat.click\/?s={search_term_string}"},"query-input":{"@type":"PropertyValueSpecification","valueRequired":true,"valueName":"search_term_string"}}],"inLanguage":"vi"},{"@type":"Organization","@id":"https:\/\/quananvat.click\/#organization","name":"\u0110\u1ed3 \u0102n V\u1eb7t","url":"https:\/\/quananvat.click\/","logo":{"@type":"ImageObject","inLanguage":"vi","@id":"https:\/\/quananvat.click\/#\/schema\/logo\/image\/","url":"https:\/\/quananvat.click\/wp-content\/uploads\/2026\/03\/unnamed-removebg-preview-3.png","contentUrl":"https:\/\/quananvat.click\/wp-content\/uploads\/2026\/03\/unnamed-removebg-preview-3.png","width":500,"height":500,"caption":"\u0110\u1ed3 \u0102n V\u1eb7t"},"image":{"@id":"https:\/\/quananvat.click\/#\/schema\/logo\/image\/"}}]}},"jetpack_sharing_enabled":true,"_links":{"self":[{"href":"https:\/\/quananvat.click\/index.php\/wp-json\/wp\/v2\/product\/222","targetHints":{"allow":["GET"]}}],"collection":[{"href":"https:\/\/quananvat.click\/index.php\/wp-json\/wp\/v2\/product"}],"about":[{"href":"https:\/\/quananvat.click\/index.php\/wp-json\/wp\/v2\/types\/product"}],"replies":[{"embeddable":true,"href":"https:\/\/quananvat.click\/index.php\/wp-json\/wp\/v2\/comments?post=222"}],"wp:featuredmedia":[{"embeddable":true,"href":"https:\/\/quananvat.click\/index.php\/wp-json\/wp\/v2\/media\/223"}],"wp:attachment":[{"href":"https:\/\/quananvat.click\/index.php\/wp-json\/wp\/v2\/media?parent=222"}],"wp:term":[{"taxonomy":"product_brand","embeddable":true,"href":"https:\/\/quananvat.click\/index.php\/wp-json\/wp\/v2\/product_brand?post=222"},{"taxonomy":"product_cat","embeddable":true,"href":"https:\/\/quananvat.click\/index.php\/wp-json\/wp\/v2\/product_cat?post=222"},{"taxonomy":"product_tag","embeddable":true,"href":"https:\/\/quananvat.click\/index.php\/wp-json\/wp\/v2\/product_tag?post=222"}],"curies":[{"name":"wp","href":"https:\/\/api.w.org\/{rel}","templated":true}]}}