{"id":227,"date":"2026-03-14T04:04:31","date_gmt":"2026-03-14T04:04:31","guid":{"rendered":"https:\/\/quananvat.click\/?post_type=product&#038;p=227"},"modified":"2026-03-17T03:51:48","modified_gmt":"2026-03-17T03:51:48","slug":"khoai-mo","status":"publish","type":"product","link":"https:\/\/quananvat.click\/index.php\/product\/khoai-mo\/","title":{"rendered":"B\u00e1nh Khoai M\u1ee1"},"content":{"rendered":"<p data-start=\"40\" data-end=\"336\">B\u00e1nh khoai m\u1ee1 l\u00e0 m\u00f3n \u0103n v\u1eb7t th\u01a1m ngon \u0111\u01b0\u1ee3c l\u00e0m t\u1eeb <strong data-start=\"90\" data-end=\"131\"><span class=\"hover:entity-accent entity-underline inline cursor-pointer align-baseline\"><span class=\"whitespace-normal\">Khoai m\u1ee1<\/span><\/span><\/strong> \u2013 lo\u1ea1i c\u1ee7 c\u00f3 m\u00e0u t\u00edm t\u1ef1 nhi\u00ean v\u00e0 v\u1ecb b\u00f9i \u0111\u1eb7c tr\u01b0ng. B\u00e1nh \u0111\u01b0\u1ee3c ch\u1ebf bi\u1ebfn b\u1eb1ng c\u00e1ch tr\u1ed9n khoai m\u1ee1 nghi\u1ec1n v\u1edbi b\u1ed9t v\u00e0 gia v\u1ecb, sau \u0111\u00f3 chi\u00ean v\u00e0ng t\u1ea1o n\u00ean l\u1edbp v\u1ecf gi\u00f2n r\u1ee5m b\u00ean ngo\u00e0i, b\u00ean trong m\u1ec1m x\u1ed1p v\u00e0 th\u01a1m ng\u1ecdt.<\/p>\n<p data-start=\"338\" data-end=\"611\">V\u1edbi m\u00e0u t\u00edm \u0111\u1eb9p m\u1eaft c\u00f9ng h\u01b0\u01a1ng v\u1ecb b\u00e9o nh\u1eb9, b\u00e1nh khoai m\u1ee1 kh\u00f4ng ch\u1ec9 h\u1ea5p d\u1eabn v\u1ec1 h\u00ecnh th\u1ee9c m\u00e0 c\u00f2n mang l\u1ea1i c\u1ea3m gi\u00e1c ngon mi\u1ec7ng khi th\u01b0\u1edfng th\u1ee9c. \u0110\u00e2y l\u00e0 m\u00f3n \u0103n v\u1eb7t r\u1ea5t \u0111\u01b0\u1ee3c y\u00eau th\u00edch, th\u00edch h\u1ee3p d\u00f9ng trong c\u00e1c bu\u1ed5i \u0103n nh\u1eb9, t\u1ee5 h\u1ecdp b\u1ea1n b\u00e8 ho\u1eb7c l\u00e0m m\u00f3n \u0103n b\u00e1n trong c\u00e1c qu\u00e1n \u0103n v\u1eb7t.<\/p>\n","protected":false},"excerpt":{"rendered":"<p>B\u00e1nh khoai m\u1ee1 l\u00e0 m\u00f3n \u0103n v\u1eb7t th\u01a1m ngon \u0111\u01b0\u1ee3c l\u00e0m t\u1eeb Khoai m\u1ee1 \u2013 lo\u1ea1i c\u1ee7 c\u00f3 m\u00e0u t\u00edm t\u1ef1 nhi\u00ean v\u00e0 v\u1ecb b\u00f9i \u0111\u1eb7c tr\u01b0ng. B\u00e1nh \u0111\u01b0\u1ee3c ch\u1ebf bi\u1ebfn b\u1eb1ng c\u00e1ch tr\u1ed9n khoai m\u1ee1 nghi\u1ec1n v\u1edbi b\u1ed9t v\u00e0 gia v\u1ecb, sau \u0111\u00f3 chi\u00ean v\u00e0ng t\u1ea1o n\u00ean l\u1edbp v\u1ecf gi\u00f2n r\u1ee5m b\u00ean ngo\u00e0i, b\u00ean [&hellip;]<\/p>\n","protected":false},"featured_media":230,"comment_status":"open","ping_status":"closed","template":"","meta":[],"product_brand":[],"product_cat":[34],"product_tag":[],"class_list":{"0":"post-227","1":"product","2":"type-product","3":"status-publish","4":"has-post-thumbnail","6":"product_cat-do-an-vat","8":"first","9":"instock","10":"sale","11":"featured","12":"shipping-taxable","13":"purchasable","14":"product-type-simple"},"yoast_head":"<!-- This site is optimized with the Yoast SEO plugin v27.2 - https:\/\/yoast.com\/product\/yoast-seo-wordpress\/ -->\n<title>B\u00e1nh Khoai M\u1ee1 - \u0110\u1ed3 \u0102n V\u1eb7t<\/title>\n<meta name=\"robots\" content=\"index, follow, max-snippet:-1, max-image-preview:large, max-video-preview:-1\" \/>\n<link rel=\"canonical\" href=\"https:\/\/quananvat.click\/index.php\/product\/khoai-mo\/\" \/>\n<meta property=\"og:locale\" content=\"vi_VN\" \/>\n<meta property=\"og:type\" content=\"article\" \/>\n<meta property=\"og:title\" content=\"B\u00e1nh Khoai M\u1ee1 - \u0110\u1ed3 \u0102n V\u1eb7t\" \/>\n<meta property=\"og:description\" content=\"B\u00e1nh khoai m\u1ee1 l\u00e0 m\u00f3n \u0103n v\u1eb7t th\u01a1m ngon \u0111\u01b0\u1ee3c l\u00e0m t\u1eeb Khoai m\u1ee1 \u2013 lo\u1ea1i c\u1ee7 c\u00f3 m\u00e0u t\u00edm t\u1ef1 nhi\u00ean v\u00e0 v\u1ecb b\u00f9i \u0111\u1eb7c tr\u01b0ng. B\u00e1nh \u0111\u01b0\u1ee3c ch\u1ebf bi\u1ebfn b\u1eb1ng c\u00e1ch tr\u1ed9n khoai m\u1ee1 nghi\u1ec1n v\u1edbi b\u1ed9t v\u00e0 gia v\u1ecb, sau \u0111\u00f3 chi\u00ean v\u00e0ng t\u1ea1o n\u00ean l\u1edbp v\u1ecf gi\u00f2n r\u1ee5m b\u00ean ngo\u00e0i, b\u00ean [&hellip;]\" \/>\n<meta property=\"og:url\" content=\"https:\/\/quananvat.click\/index.php\/product\/khoai-mo\/\" \/>\n<meta property=\"og:site_name\" content=\"\u0110\u1ed3 \u0102n V\u1eb7t\" \/>\n<meta property=\"article:modified_time\" content=\"2026-03-17T03:51:48+00:00\" \/>\n<meta name=\"twitter:card\" content=\"summary_large_image\" \/>\n<meta name=\"twitter:label1\" content=\"\u01af\u1edbc t\u00ednh th\u1eddi gian \u0111\u1ecdc\" \/>\n\t<meta name=\"twitter:data1\" content=\"1 ph\u00fat\" \/>\n<script type=\"application\/ld+json\" class=\"yoast-schema-graph\">{\"@context\":\"https:\/\/schema.org\",\"@graph\":[{\"@type\":\"WebPage\",\"@id\":\"https:\/\/quananvat.click\/index.php\/product\/khoai-mo\/\",\"url\":\"https:\/\/quananvat.click\/index.php\/product\/khoai-mo\/\",\"name\":\"B\u00e1nh Khoai M\u1ee1 - \u0110\u1ed3 \u0102n V\u1eb7t\",\"isPartOf\":{\"@id\":\"https:\/\/quananvat.click\/#website\"},\"primaryImageOfPage\":{\"@id\":\"https:\/\/quananvat.click\/index.php\/product\/khoai-mo\/#primaryimage\"},\"image\":{\"@id\":\"https:\/\/quananvat.click\/index.php\/product\/khoai-mo\/#primaryimage\"},\"thumbnailUrl\":\"https:\/\/quananvat.click\/wp-content\/uploads\/2026\/03\/3a8e36af4b26d497b6c5922ca60797fd1746984914.avif\",\"datePublished\":\"2026-03-14T04:04:31+00:00\",\"dateModified\":\"2026-03-17T03:51:48+00:00\",\"breadcrumb\":{\"@id\":\"https:\/\/quananvat.click\/index.php\/product\/khoai-mo\/#breadcrumb\"},\"inLanguage\":\"vi\",\"potentialAction\":[{\"@type\":\"ReadAction\",\"target\":[\"https:\/\/quananvat.click\/index.php\/product\/khoai-mo\/\"]}]},{\"@type\":\"ImageObject\",\"inLanguage\":\"vi\",\"@id\":\"https:\/\/quananvat.click\/index.php\/product\/khoai-mo\/#primaryimage\",\"url\":\"https:\/\/quananvat.click\/wp-content\/uploads\/2026\/03\/3a8e36af4b26d497b6c5922ca60797fd1746984914.avif\",\"contentUrl\":\"https:\/\/quananvat.click\/wp-content\/uploads\/2026\/03\/3a8e36af4b26d497b6c5922ca60797fd1746984914.avif\",\"width\":1084,\"height\":606},{\"@type\":\"BreadcrumbList\",\"@id\":\"https:\/\/quananvat.click\/index.php\/product\/khoai-mo\/#breadcrumb\",\"itemListElement\":[{\"@type\":\"ListItem\",\"position\":1,\"name\":\"Trang ch\u1ee7\",\"item\":\"https:\/\/quananvat.click\/\"},{\"@type\":\"ListItem\",\"position\":2,\"name\":\"Shop\",\"item\":\"https:\/\/quananvat.click\/index.php\/shop\/\"},{\"@type\":\"ListItem\",\"position\":3,\"name\":\"B\u00e1nh Khoai M\u1ee1\"}]},{\"@type\":\"WebSite\",\"@id\":\"https:\/\/quananvat.click\/#website\",\"url\":\"https:\/\/quananvat.click\/\",\"name\":\"\u0110\u1ed3 \u0102n V\u1eb7t\",\"description\":\"\",\"publisher\":{\"@id\":\"https:\/\/quananvat.click\/#organization\"},\"potentialAction\":[{\"@type\":\"SearchAction\",\"target\":{\"@type\":\"EntryPoint\",\"urlTemplate\":\"https:\/\/quananvat.click\/?s={search_term_string}\"},\"query-input\":{\"@type\":\"PropertyValueSpecification\",\"valueRequired\":true,\"valueName\":\"search_term_string\"}}],\"inLanguage\":\"vi\"},{\"@type\":\"Organization\",\"@id\":\"https:\/\/quananvat.click\/#organization\",\"name\":\"\u0110\u1ed3 \u0102n V\u1eb7t\",\"url\":\"https:\/\/quananvat.click\/\",\"logo\":{\"@type\":\"ImageObject\",\"inLanguage\":\"vi\",\"@id\":\"https:\/\/quananvat.click\/#\/schema\/logo\/image\/\",\"url\":\"https:\/\/quananvat.click\/wp-content\/uploads\/2026\/03\/unnamed-removebg-preview-3.png\",\"contentUrl\":\"https:\/\/quananvat.click\/wp-content\/uploads\/2026\/03\/unnamed-removebg-preview-3.png\",\"width\":500,\"height\":500,\"caption\":\"\u0110\u1ed3 \u0102n V\u1eb7t\"},\"image\":{\"@id\":\"https:\/\/quananvat.click\/#\/schema\/logo\/image\/\"}}]}<\/script>\n<!-- \/ Yoast SEO plugin. -->","yoast_head_json":{"title":"B\u00e1nh Khoai M\u1ee1 - \u0110\u1ed3 \u0102n V\u1eb7t","robots":{"index":"index","follow":"follow","max-snippet":"max-snippet:-1","max-image-preview":"max-image-preview:large","max-video-preview":"max-video-preview:-1"},"canonical":"https:\/\/quananvat.click\/index.php\/product\/khoai-mo\/","og_locale":"vi_VN","og_type":"article","og_title":"B\u00e1nh Khoai M\u1ee1 - \u0110\u1ed3 \u0102n V\u1eb7t","og_description":"B\u00e1nh khoai m\u1ee1 l\u00e0 m\u00f3n \u0103n v\u1eb7t th\u01a1m ngon \u0111\u01b0\u1ee3c l\u00e0m t\u1eeb Khoai m\u1ee1 \u2013 lo\u1ea1i c\u1ee7 c\u00f3 m\u00e0u t\u00edm t\u1ef1 nhi\u00ean v\u00e0 v\u1ecb b\u00f9i \u0111\u1eb7c tr\u01b0ng. B\u00e1nh \u0111\u01b0\u1ee3c ch\u1ebf bi\u1ebfn b\u1eb1ng c\u00e1ch tr\u1ed9n khoai m\u1ee1 nghi\u1ec1n v\u1edbi b\u1ed9t v\u00e0 gia v\u1ecb, sau \u0111\u00f3 chi\u00ean v\u00e0ng t\u1ea1o n\u00ean l\u1edbp v\u1ecf gi\u00f2n r\u1ee5m b\u00ean ngo\u00e0i, b\u00ean [&hellip;]","og_url":"https:\/\/quananvat.click\/index.php\/product\/khoai-mo\/","og_site_name":"\u0110\u1ed3 \u0102n V\u1eb7t","article_modified_time":"2026-03-17T03:51:48+00:00","twitter_card":"summary_large_image","twitter_misc":{"\u01af\u1edbc t\u00ednh th\u1eddi gian \u0111\u1ecdc":"1 ph\u00fat"},"schema":{"@context":"https:\/\/schema.org","@graph":[{"@type":"WebPage","@id":"https:\/\/quananvat.click\/index.php\/product\/khoai-mo\/","url":"https:\/\/quananvat.click\/index.php\/product\/khoai-mo\/","name":"B\u00e1nh Khoai M\u1ee1 - \u0110\u1ed3 \u0102n V\u1eb7t","isPartOf":{"@id":"https:\/\/quananvat.click\/#website"},"primaryImageOfPage":{"@id":"https:\/\/quananvat.click\/index.php\/product\/khoai-mo\/#primaryimage"},"image":{"@id":"https:\/\/quananvat.click\/index.php\/product\/khoai-mo\/#primaryimage"},"thumbnailUrl":"https:\/\/quananvat.click\/wp-content\/uploads\/2026\/03\/3a8e36af4b26d497b6c5922ca60797fd1746984914.avif","datePublished":"2026-03-14T04:04:31+00:00","dateModified":"2026-03-17T03:51:48+00:00","breadcrumb":{"@id":"https:\/\/quananvat.click\/index.php\/product\/khoai-mo\/#breadcrumb"},"inLanguage":"vi","potentialAction":[{"@type":"ReadAction","target":["https:\/\/quananvat.click\/index.php\/product\/khoai-mo\/"]}]},{"@type":"ImageObject","inLanguage":"vi","@id":"https:\/\/quananvat.click\/index.php\/product\/khoai-mo\/#primaryimage","url":"https:\/\/quananvat.click\/wp-content\/uploads\/2026\/03\/3a8e36af4b26d497b6c5922ca60797fd1746984914.avif","contentUrl":"https:\/\/quananvat.click\/wp-content\/uploads\/2026\/03\/3a8e36af4b26d497b6c5922ca60797fd1746984914.avif","width":1084,"height":606},{"@type":"BreadcrumbList","@id":"https:\/\/quananvat.click\/index.php\/product\/khoai-mo\/#breadcrumb","itemListElement":[{"@type":"ListItem","position":1,"name":"Trang ch\u1ee7","item":"https:\/\/quananvat.click\/"},{"@type":"ListItem","position":2,"name":"Shop","item":"https:\/\/quananvat.click\/index.php\/shop\/"},{"@type":"ListItem","position":3,"name":"B\u00e1nh Khoai M\u1ee1"}]},{"@type":"WebSite","@id":"https:\/\/quananvat.click\/#website","url":"https:\/\/quananvat.click\/","name":"\u0110\u1ed3 \u0102n V\u1eb7t","description":"","publisher":{"@id":"https:\/\/quananvat.click\/#organization"},"potentialAction":[{"@type":"SearchAction","target":{"@type":"EntryPoint","urlTemplate":"https:\/\/quananvat.click\/?s={search_term_string}"},"query-input":{"@type":"PropertyValueSpecification","valueRequired":true,"valueName":"search_term_string"}}],"inLanguage":"vi"},{"@type":"Organization","@id":"https:\/\/quananvat.click\/#organization","name":"\u0110\u1ed3 \u0102n V\u1eb7t","url":"https:\/\/quananvat.click\/","logo":{"@type":"ImageObject","inLanguage":"vi","@id":"https:\/\/quananvat.click\/#\/schema\/logo\/image\/","url":"https:\/\/quananvat.click\/wp-content\/uploads\/2026\/03\/unnamed-removebg-preview-3.png","contentUrl":"https:\/\/quananvat.click\/wp-content\/uploads\/2026\/03\/unnamed-removebg-preview-3.png","width":500,"height":500,"caption":"\u0110\u1ed3 \u0102n V\u1eb7t"},"image":{"@id":"https:\/\/quananvat.click\/#\/schema\/logo\/image\/"}}]}},"jetpack_sharing_enabled":true,"_links":{"self":[{"href":"https:\/\/quananvat.click\/index.php\/wp-json\/wp\/v2\/product\/227","targetHints":{"allow":["GET"]}}],"collection":[{"href":"https:\/\/quananvat.click\/index.php\/wp-json\/wp\/v2\/product"}],"about":[{"href":"https:\/\/quananvat.click\/index.php\/wp-json\/wp\/v2\/types\/product"}],"replies":[{"embeddable":true,"href":"https:\/\/quananvat.click\/index.php\/wp-json\/wp\/v2\/comments?post=227"}],"wp:featuredmedia":[{"embeddable":true,"href":"https:\/\/quananvat.click\/index.php\/wp-json\/wp\/v2\/media\/230"}],"wp:attachment":[{"href":"https:\/\/quananvat.click\/index.php\/wp-json\/wp\/v2\/media?parent=227"}],"wp:term":[{"taxonomy":"product_brand","embeddable":true,"href":"https:\/\/quananvat.click\/index.php\/wp-json\/wp\/v2\/product_brand?post=227"},{"taxonomy":"product_cat","embeddable":true,"href":"https:\/\/quananvat.click\/index.php\/wp-json\/wp\/v2\/product_cat?post=227"},{"taxonomy":"product_tag","embeddable":true,"href":"https:\/\/quananvat.click\/index.php\/wp-json\/wp\/v2\/product_tag?post=227"}],"curies":[{"name":"wp","href":"https:\/\/api.w.org\/{rel}","templated":true}]}}