{"id":258,"date":"2026-03-17T14:39:40","date_gmt":"2026-03-17T14:39:40","guid":{"rendered":"https:\/\/quananvat.click\/?post_type=product&#038;p=258"},"modified":"2026-03-17T14:49:39","modified_gmt":"2026-03-17T14:49:39","slug":"pepsi","status":"publish","type":"product","link":"https:\/\/quananvat.click\/index.php\/product\/pepsi\/","title":{"rendered":"Pepsi"},"content":{"rendered":"<p class=\"isSelectedEnd\"><strong>Pepsi \u2013 S\u1ea3ng Kho\u00e1i T\u1ed9t \u0110\u1ec9nh, \u0110\u00e1nh Th\u1ee9c M\u1ecdi Gi\u00e1c Quan<\/strong><\/p>\n<p>Pepsi l\u00e0 m\u1ed9t trong nh\u1eefng th\u01b0\u01a1ng hi\u1ec7u n\u01b0\u1edbc gi\u1ea3i kh\u00e1t c\u00f3 ga n\u1ed5i ti\u1ebfng h\u00e0ng \u0111\u1ea7u th\u1ebf gi\u1edbi, \u0111\u01b0\u1ee3c y\u00eau th\u00edch nh\u1edd h\u01b0\u01a1ng v\u1ecb \u0111\u1eadm \u0111\u00e0 v\u00e0 c\u1ea3m gi\u00e1c s\u1ea3ng kho\u00e1i \u0111\u1eb7c tr\u01b0ng. V\u1edbi v\u1ecb cola ng\u1ecdt d\u1ecbu h\u00f2a quy\u1ec7n c\u00f9ng ga m\u00e1t l\u1ea1nh, Pepsi mang \u0111\u1ebfn tr\u1ea3i nghi\u1ec7m gi\u1ea3i kh\u00e1t c\u1ef1c \u0111\u00e3, gi\u00fap xua tan c\u01a1n kh\u00e1t t\u1ee9c th\u00ec.<\/p>\n","protected":false},"excerpt":{"rendered":"<p>Pepsi \u2013 S\u1ea3ng Kho\u00e1i T\u1ed9t \u0110\u1ec9nh, \u0110\u00e1nh Th\u1ee9c M\u1ecdi Gi\u00e1c Quan Pepsi l\u00e0 m\u1ed9t trong nh\u1eefng th\u01b0\u01a1ng hi\u1ec7u n\u01b0\u1edbc gi\u1ea3i kh\u00e1t c\u00f3 ga n\u1ed5i ti\u1ebfng h\u00e0ng \u0111\u1ea7u th\u1ebf gi\u1edbi, \u0111\u01b0\u1ee3c y\u00eau th\u00edch nh\u1edd h\u01b0\u01a1ng v\u1ecb \u0111\u1eadm \u0111\u00e0 v\u00e0 c\u1ea3m gi\u00e1c s\u1ea3ng kho\u00e1i \u0111\u1eb7c tr\u01b0ng. V\u1edbi v\u1ecb cola ng\u1ecdt d\u1ecbu h\u00f2a quy\u1ec7n c\u00f9ng ga m\u00e1t l\u1ea1nh, [&hellip;]<\/p>\n","protected":false},"featured_media":263,"comment_status":"open","ping_status":"closed","template":"","meta":[],"product_brand":[],"product_cat":[35],"product_tag":[],"class_list":{"0":"post-258","1":"product","2":"type-product","3":"status-publish","4":"has-post-thumbnail","6":"product_cat-do-uong","8":"first","9":"instock","10":"shipping-taxable","11":"purchasable","12":"product-type-simple"},"yoast_head":"<!-- This site is optimized with the Yoast SEO plugin v27.2 - https:\/\/yoast.com\/product\/yoast-seo-wordpress\/ -->\n<title>Pepsi - \u0110\u1ed3 \u0102n V\u1eb7t<\/title>\n<meta name=\"robots\" content=\"index, follow, max-snippet:-1, max-image-preview:large, max-video-preview:-1\" \/>\n<link rel=\"canonical\" href=\"https:\/\/quananvat.click\/index.php\/product\/pepsi\/\" \/>\n<meta property=\"og:locale\" content=\"vi_VN\" \/>\n<meta property=\"og:type\" content=\"article\" \/>\n<meta property=\"og:title\" content=\"Pepsi - \u0110\u1ed3 \u0102n V\u1eb7t\" \/>\n<meta property=\"og:description\" content=\"Pepsi \u2013 S\u1ea3ng Kho\u00e1i T\u1ed9t \u0110\u1ec9nh, \u0110\u00e1nh Th\u1ee9c M\u1ecdi Gi\u00e1c Quan Pepsi l\u00e0 m\u1ed9t trong nh\u1eefng th\u01b0\u01a1ng hi\u1ec7u n\u01b0\u1edbc gi\u1ea3i kh\u00e1t c\u00f3 ga n\u1ed5i ti\u1ebfng h\u00e0ng \u0111\u1ea7u th\u1ebf gi\u1edbi, \u0111\u01b0\u1ee3c y\u00eau th\u00edch nh\u1edd h\u01b0\u01a1ng v\u1ecb \u0111\u1eadm \u0111\u00e0 v\u00e0 c\u1ea3m gi\u00e1c s\u1ea3ng kho\u00e1i \u0111\u1eb7c tr\u01b0ng. V\u1edbi v\u1ecb cola ng\u1ecdt d\u1ecbu h\u00f2a quy\u1ec7n c\u00f9ng ga m\u00e1t l\u1ea1nh, [&hellip;]\" \/>\n<meta property=\"og:url\" content=\"https:\/\/quananvat.click\/index.php\/product\/pepsi\/\" \/>\n<meta property=\"og:site_name\" content=\"\u0110\u1ed3 \u0102n V\u1eb7t\" \/>\n<meta property=\"article:modified_time\" content=\"2026-03-17T14:49:39+00:00\" \/>\n<meta property=\"og:image\" content=\"https:\/\/quananvat.click\/wp-content\/uploads\/2026\/03\/nuoc-ngot-pepsi-lon-nhat-ban-3.jpg\" \/>\n\t<meta property=\"og:image:width\" content=\"800\" \/>\n\t<meta property=\"og:image:height\" content=\"534\" \/>\n\t<meta property=\"og:image:type\" content=\"image\/jpeg\" \/>\n<meta name=\"twitter:card\" content=\"summary_large_image\" \/>\n<meta name=\"twitter:label1\" content=\"\u01af\u1edbc t\u00ednh th\u1eddi gian \u0111\u1ecdc\" \/>\n\t<meta name=\"twitter:data1\" content=\"1 ph\u00fat\" \/>\n<script type=\"application\/ld+json\" class=\"yoast-schema-graph\">{\"@context\":\"https:\/\/schema.org\",\"@graph\":[{\"@type\":\"WebPage\",\"@id\":\"https:\/\/quananvat.click\/index.php\/product\/pepsi\/\",\"url\":\"https:\/\/quananvat.click\/index.php\/product\/pepsi\/\",\"name\":\"Pepsi - \u0110\u1ed3 \u0102n V\u1eb7t\",\"isPartOf\":{\"@id\":\"https:\/\/quananvat.click\/#website\"},\"primaryImageOfPage\":{\"@id\":\"https:\/\/quananvat.click\/index.php\/product\/pepsi\/#primaryimage\"},\"image\":{\"@id\":\"https:\/\/quananvat.click\/index.php\/product\/pepsi\/#primaryimage\"},\"thumbnailUrl\":\"https:\/\/quananvat.click\/wp-content\/uploads\/2026\/03\/nuoc-ngot-pepsi-lon-nhat-ban-3.jpg\",\"datePublished\":\"2026-03-17T14:39:40+00:00\",\"dateModified\":\"2026-03-17T14:49:39+00:00\",\"breadcrumb\":{\"@id\":\"https:\/\/quananvat.click\/index.php\/product\/pepsi\/#breadcrumb\"},\"inLanguage\":\"vi\",\"potentialAction\":[{\"@type\":\"ReadAction\",\"target\":[\"https:\/\/quananvat.click\/index.php\/product\/pepsi\/\"]}]},{\"@type\":\"ImageObject\",\"inLanguage\":\"vi\",\"@id\":\"https:\/\/quananvat.click\/index.php\/product\/pepsi\/#primaryimage\",\"url\":\"https:\/\/quananvat.click\/wp-content\/uploads\/2026\/03\/nuoc-ngot-pepsi-lon-nhat-ban-3.jpg\",\"contentUrl\":\"https:\/\/quananvat.click\/wp-content\/uploads\/2026\/03\/nuoc-ngot-pepsi-lon-nhat-ban-3.jpg\",\"width\":800,\"height\":534},{\"@type\":\"BreadcrumbList\",\"@id\":\"https:\/\/quananvat.click\/index.php\/product\/pepsi\/#breadcrumb\",\"itemListElement\":[{\"@type\":\"ListItem\",\"position\":1,\"name\":\"Trang ch\u1ee7\",\"item\":\"https:\/\/quananvat.click\/\"},{\"@type\":\"ListItem\",\"position\":2,\"name\":\"Shop\",\"item\":\"https:\/\/quananvat.click\/index.php\/shop\/\"},{\"@type\":\"ListItem\",\"position\":3,\"name\":\"Pepsi\"}]},{\"@type\":\"WebSite\",\"@id\":\"https:\/\/quananvat.click\/#website\",\"url\":\"https:\/\/quananvat.click\/\",\"name\":\"\u0110\u1ed3 \u0102n V\u1eb7t\",\"description\":\"\",\"publisher\":{\"@id\":\"https:\/\/quananvat.click\/#organization\"},\"potentialAction\":[{\"@type\":\"SearchAction\",\"target\":{\"@type\":\"EntryPoint\",\"urlTemplate\":\"https:\/\/quananvat.click\/?s={search_term_string}\"},\"query-input\":{\"@type\":\"PropertyValueSpecification\",\"valueRequired\":true,\"valueName\":\"search_term_string\"}}],\"inLanguage\":\"vi\"},{\"@type\":\"Organization\",\"@id\":\"https:\/\/quananvat.click\/#organization\",\"name\":\"\u0110\u1ed3 \u0102n V\u1eb7t\",\"url\":\"https:\/\/quananvat.click\/\",\"logo\":{\"@type\":\"ImageObject\",\"inLanguage\":\"vi\",\"@id\":\"https:\/\/quananvat.click\/#\/schema\/logo\/image\/\",\"url\":\"https:\/\/quananvat.click\/wp-content\/uploads\/2026\/03\/unnamed-removebg-preview-3.png\",\"contentUrl\":\"https:\/\/quananvat.click\/wp-content\/uploads\/2026\/03\/unnamed-removebg-preview-3.png\",\"width\":500,\"height\":500,\"caption\":\"\u0110\u1ed3 \u0102n V\u1eb7t\"},\"image\":{\"@id\":\"https:\/\/quananvat.click\/#\/schema\/logo\/image\/\"}}]}<\/script>\n<!-- \/ Yoast SEO plugin. -->","yoast_head_json":{"title":"Pepsi - \u0110\u1ed3 \u0102n V\u1eb7t","robots":{"index":"index","follow":"follow","max-snippet":"max-snippet:-1","max-image-preview":"max-image-preview:large","max-video-preview":"max-video-preview:-1"},"canonical":"https:\/\/quananvat.click\/index.php\/product\/pepsi\/","og_locale":"vi_VN","og_type":"article","og_title":"Pepsi - \u0110\u1ed3 \u0102n V\u1eb7t","og_description":"Pepsi \u2013 S\u1ea3ng Kho\u00e1i T\u1ed9t \u0110\u1ec9nh, \u0110\u00e1nh Th\u1ee9c M\u1ecdi Gi\u00e1c Quan Pepsi l\u00e0 m\u1ed9t trong nh\u1eefng th\u01b0\u01a1ng hi\u1ec7u n\u01b0\u1edbc gi\u1ea3i kh\u00e1t c\u00f3 ga n\u1ed5i ti\u1ebfng h\u00e0ng \u0111\u1ea7u th\u1ebf gi\u1edbi, \u0111\u01b0\u1ee3c y\u00eau th\u00edch nh\u1edd h\u01b0\u01a1ng v\u1ecb \u0111\u1eadm \u0111\u00e0 v\u00e0 c\u1ea3m gi\u00e1c s\u1ea3ng kho\u00e1i \u0111\u1eb7c tr\u01b0ng. V\u1edbi v\u1ecb cola ng\u1ecdt d\u1ecbu h\u00f2a quy\u1ec7n c\u00f9ng ga m\u00e1t l\u1ea1nh, [&hellip;]","og_url":"https:\/\/quananvat.click\/index.php\/product\/pepsi\/","og_site_name":"\u0110\u1ed3 \u0102n V\u1eb7t","article_modified_time":"2026-03-17T14:49:39+00:00","og_image":[{"width":800,"height":534,"url":"https:\/\/quananvat.click\/wp-content\/uploads\/2026\/03\/nuoc-ngot-pepsi-lon-nhat-ban-3.jpg","type":"image\/jpeg"}],"twitter_card":"summary_large_image","twitter_misc":{"\u01af\u1edbc t\u00ednh th\u1eddi gian \u0111\u1ecdc":"1 ph\u00fat"},"schema":{"@context":"https:\/\/schema.org","@graph":[{"@type":"WebPage","@id":"https:\/\/quananvat.click\/index.php\/product\/pepsi\/","url":"https:\/\/quananvat.click\/index.php\/product\/pepsi\/","name":"Pepsi - \u0110\u1ed3 \u0102n V\u1eb7t","isPartOf":{"@id":"https:\/\/quananvat.click\/#website"},"primaryImageOfPage":{"@id":"https:\/\/quananvat.click\/index.php\/product\/pepsi\/#primaryimage"},"image":{"@id":"https:\/\/quananvat.click\/index.php\/product\/pepsi\/#primaryimage"},"thumbnailUrl":"https:\/\/quananvat.click\/wp-content\/uploads\/2026\/03\/nuoc-ngot-pepsi-lon-nhat-ban-3.jpg","datePublished":"2026-03-17T14:39:40+00:00","dateModified":"2026-03-17T14:49:39+00:00","breadcrumb":{"@id":"https:\/\/quananvat.click\/index.php\/product\/pepsi\/#breadcrumb"},"inLanguage":"vi","potentialAction":[{"@type":"ReadAction","target":["https:\/\/quananvat.click\/index.php\/product\/pepsi\/"]}]},{"@type":"ImageObject","inLanguage":"vi","@id":"https:\/\/quananvat.click\/index.php\/product\/pepsi\/#primaryimage","url":"https:\/\/quananvat.click\/wp-content\/uploads\/2026\/03\/nuoc-ngot-pepsi-lon-nhat-ban-3.jpg","contentUrl":"https:\/\/quananvat.click\/wp-content\/uploads\/2026\/03\/nuoc-ngot-pepsi-lon-nhat-ban-3.jpg","width":800,"height":534},{"@type":"BreadcrumbList","@id":"https:\/\/quananvat.click\/index.php\/product\/pepsi\/#breadcrumb","itemListElement":[{"@type":"ListItem","position":1,"name":"Trang ch\u1ee7","item":"https:\/\/quananvat.click\/"},{"@type":"ListItem","position":2,"name":"Shop","item":"https:\/\/quananvat.click\/index.php\/shop\/"},{"@type":"ListItem","position":3,"name":"Pepsi"}]},{"@type":"WebSite","@id":"https:\/\/quananvat.click\/#website","url":"https:\/\/quananvat.click\/","name":"\u0110\u1ed3 \u0102n V\u1eb7t","description":"","publisher":{"@id":"https:\/\/quananvat.click\/#organization"},"potentialAction":[{"@type":"SearchAction","target":{"@type":"EntryPoint","urlTemplate":"https:\/\/quananvat.click\/?s={search_term_string}"},"query-input":{"@type":"PropertyValueSpecification","valueRequired":true,"valueName":"search_term_string"}}],"inLanguage":"vi"},{"@type":"Organization","@id":"https:\/\/quananvat.click\/#organization","name":"\u0110\u1ed3 \u0102n V\u1eb7t","url":"https:\/\/quananvat.click\/","logo":{"@type":"ImageObject","inLanguage":"vi","@id":"https:\/\/quananvat.click\/#\/schema\/logo\/image\/","url":"https:\/\/quananvat.click\/wp-content\/uploads\/2026\/03\/unnamed-removebg-preview-3.png","contentUrl":"https:\/\/quananvat.click\/wp-content\/uploads\/2026\/03\/unnamed-removebg-preview-3.png","width":500,"height":500,"caption":"\u0110\u1ed3 \u0102n V\u1eb7t"},"image":{"@id":"https:\/\/quananvat.click\/#\/schema\/logo\/image\/"}}]}},"jetpack_sharing_enabled":true,"_links":{"self":[{"href":"https:\/\/quananvat.click\/index.php\/wp-json\/wp\/v2\/product\/258","targetHints":{"allow":["GET"]}}],"collection":[{"href":"https:\/\/quananvat.click\/index.php\/wp-json\/wp\/v2\/product"}],"about":[{"href":"https:\/\/quananvat.click\/index.php\/wp-json\/wp\/v2\/types\/product"}],"replies":[{"embeddable":true,"href":"https:\/\/quananvat.click\/index.php\/wp-json\/wp\/v2\/comments?post=258"}],"wp:featuredmedia":[{"embeddable":true,"href":"https:\/\/quananvat.click\/index.php\/wp-json\/wp\/v2\/media\/263"}],"wp:attachment":[{"href":"https:\/\/quananvat.click\/index.php\/wp-json\/wp\/v2\/media?parent=258"}],"wp:term":[{"taxonomy":"product_brand","embeddable":true,"href":"https:\/\/quananvat.click\/index.php\/wp-json\/wp\/v2\/product_brand?post=258"},{"taxonomy":"product_cat","embeddable":true,"href":"https:\/\/quananvat.click\/index.php\/wp-json\/wp\/v2\/product_cat?post=258"},{"taxonomy":"product_tag","embeddable":true,"href":"https:\/\/quananvat.click\/index.php\/wp-json\/wp\/v2\/product_tag?post=258"}],"curies":[{"name":"wp","href":"https:\/\/api.w.org\/{rel}","templated":true}]}}