{"id":264,"date":"2026-03-17T14:40:37","date_gmt":"2026-03-17T14:40:37","guid":{"rendered":"https:\/\/quananvat.click\/?post_type=product&#038;p=264"},"modified":"2026-03-17T14:49:02","modified_gmt":"2026-03-17T14:49:02","slug":"sting","status":"publish","type":"product","link":"https:\/\/quananvat.click\/index.php\/product\/sting\/","title":{"rendered":"Sting"},"content":{"rendered":"<p class=\"isSelectedEnd\"><strong>Sting \u2013 N\u0103ng L\u01b0\u1ee3ng B\u1eadt Tung M\u1ecdi Kho\u1ea3nh Kh\u1eafc<\/strong><\/p>\n<p>Sting l\u00e0 d\u00f2ng n\u01b0\u1edbc t\u0103ng l\u1ef1c quen thu\u1ed9c, \u0111\u01b0\u1ee3c y\u00eau th\u00edch b\u1edfi h\u01b0\u01a1ng v\u1ecb th\u01a1m ngon v\u00e0 kh\u1ea3 n\u0103ng ti\u1ebfp th\u00eam n\u0103ng l\u01b0\u1ee3ng nhanh ch\u00f3ng. V\u1edbi s\u1ef1 k\u1ebft h\u1ee3p h\u00e0i h\u00f2a gi\u1eefa v\u1ecb ng\u1ecdt \u0111\u1eadm \u0111\u00e0 v\u00e0 h\u01b0\u01a1ng tr\u00e1i c\u00e2y \u0111\u1eb7c tr\u01b0ng, Sting mang \u0111\u1ebfn c\u1ea3m gi\u00e1c s\u1ea3ng kho\u00e1i, gi\u00fap b\u1ea1n t\u1ec9nh t\u00e1o v\u00e0 tr\u00e0n \u0111\u1ea7y s\u1ee9c s\u1ed1ng.<\/p>\n","protected":false},"excerpt":{"rendered":"<p>Sting \u2013 N\u0103ng L\u01b0\u1ee3ng B\u1eadt Tung M\u1ecdi Kho\u1ea3nh Kh\u1eafc Sting l\u00e0 d\u00f2ng n\u01b0\u1edbc t\u0103ng l\u1ef1c quen thu\u1ed9c, \u0111\u01b0\u1ee3c y\u00eau th\u00edch b\u1edfi h\u01b0\u01a1ng v\u1ecb th\u01a1m ngon v\u00e0 kh\u1ea3 n\u0103ng ti\u1ebfp th\u00eam n\u0103ng l\u01b0\u1ee3ng nhanh ch\u00f3ng. V\u1edbi s\u1ef1 k\u1ebft h\u1ee3p h\u00e0i h\u00f2a gi\u1eefa v\u1ecb ng\u1ecdt \u0111\u1eadm \u0111\u00e0 v\u00e0 h\u01b0\u01a1ng tr\u00e1i c\u00e2y \u0111\u1eb7c tr\u01b0ng, Sting mang \u0111\u1ebfn c\u1ea3m [&hellip;]<\/p>\n","protected":false},"featured_media":262,"comment_status":"open","ping_status":"closed","template":"","meta":[],"product_brand":[],"product_cat":[35],"product_tag":[],"class_list":{"0":"post-264","1":"product","2":"type-product","3":"status-publish","4":"has-post-thumbnail","6":"product_cat-do-uong","8":"first","9":"instock","10":"shipping-taxable","11":"purchasable","12":"product-type-simple"},"yoast_head":"<!-- This site is optimized with the Yoast SEO plugin v27.2 - https:\/\/yoast.com\/product\/yoast-seo-wordpress\/ -->\n<title>Sting - \u0110\u1ed3 \u0102n V\u1eb7t<\/title>\n<meta name=\"robots\" content=\"index, follow, max-snippet:-1, max-image-preview:large, max-video-preview:-1\" \/>\n<link rel=\"canonical\" href=\"https:\/\/quananvat.click\/index.php\/product\/sting\/\" \/>\n<meta property=\"og:locale\" content=\"vi_VN\" \/>\n<meta property=\"og:type\" content=\"article\" \/>\n<meta property=\"og:title\" content=\"Sting - \u0110\u1ed3 \u0102n V\u1eb7t\" \/>\n<meta property=\"og:description\" content=\"Sting \u2013 N\u0103ng L\u01b0\u1ee3ng B\u1eadt Tung M\u1ecdi Kho\u1ea3nh Kh\u1eafc Sting l\u00e0 d\u00f2ng n\u01b0\u1edbc t\u0103ng l\u1ef1c quen thu\u1ed9c, \u0111\u01b0\u1ee3c y\u00eau th\u00edch b\u1edfi h\u01b0\u01a1ng v\u1ecb th\u01a1m ngon v\u00e0 kh\u1ea3 n\u0103ng ti\u1ebfp th\u00eam n\u0103ng l\u01b0\u1ee3ng nhanh ch\u00f3ng. V\u1edbi s\u1ef1 k\u1ebft h\u1ee3p h\u00e0i h\u00f2a gi\u1eefa v\u1ecb ng\u1ecdt \u0111\u1eadm \u0111\u00e0 v\u00e0 h\u01b0\u01a1ng tr\u00e1i c\u00e2y \u0111\u1eb7c tr\u01b0ng, Sting mang \u0111\u1ebfn c\u1ea3m [&hellip;]\" \/>\n<meta property=\"og:url\" content=\"https:\/\/quananvat.click\/index.php\/product\/sting\/\" \/>\n<meta property=\"og:site_name\" content=\"\u0110\u1ed3 \u0102n V\u1eb7t\" \/>\n<meta property=\"article:modified_time\" content=\"2026-03-17T14:49:02+00:00\" \/>\n<meta property=\"og:image\" content=\"https:\/\/quananvat.click\/wp-content\/uploads\/2026\/03\/images-2.jpg\" \/>\n\t<meta property=\"og:image:width\" content=\"168\" \/>\n\t<meta property=\"og:image:height\" content=\"300\" \/>\n\t<meta property=\"og:image:type\" content=\"image\/jpeg\" \/>\n<meta name=\"twitter:card\" content=\"summary_large_image\" \/>\n<meta name=\"twitter:label1\" content=\"\u01af\u1edbc t\u00ednh th\u1eddi gian \u0111\u1ecdc\" \/>\n\t<meta name=\"twitter:data1\" content=\"1 ph\u00fat\" \/>\n<script type=\"application\/ld+json\" class=\"yoast-schema-graph\">{\"@context\":\"https:\/\/schema.org\",\"@graph\":[{\"@type\":\"WebPage\",\"@id\":\"https:\/\/quananvat.click\/index.php\/product\/sting\/\",\"url\":\"https:\/\/quananvat.click\/index.php\/product\/sting\/\",\"name\":\"Sting - \u0110\u1ed3 \u0102n V\u1eb7t\",\"isPartOf\":{\"@id\":\"https:\/\/quananvat.click\/#website\"},\"primaryImageOfPage\":{\"@id\":\"https:\/\/quananvat.click\/index.php\/product\/sting\/#primaryimage\"},\"image\":{\"@id\":\"https:\/\/quananvat.click\/index.php\/product\/sting\/#primaryimage\"},\"thumbnailUrl\":\"https:\/\/quananvat.click\/wp-content\/uploads\/2026\/03\/images-2.jpg\",\"datePublished\":\"2026-03-17T14:40:37+00:00\",\"dateModified\":\"2026-03-17T14:49:02+00:00\",\"breadcrumb\":{\"@id\":\"https:\/\/quananvat.click\/index.php\/product\/sting\/#breadcrumb\"},\"inLanguage\":\"vi\",\"potentialAction\":[{\"@type\":\"ReadAction\",\"target\":[\"https:\/\/quananvat.click\/index.php\/product\/sting\/\"]}]},{\"@type\":\"ImageObject\",\"inLanguage\":\"vi\",\"@id\":\"https:\/\/quananvat.click\/index.php\/product\/sting\/#primaryimage\",\"url\":\"https:\/\/quananvat.click\/wp-content\/uploads\/2026\/03\/images-2.jpg\",\"contentUrl\":\"https:\/\/quananvat.click\/wp-content\/uploads\/2026\/03\/images-2.jpg\",\"width\":168,\"height\":300},{\"@type\":\"BreadcrumbList\",\"@id\":\"https:\/\/quananvat.click\/index.php\/product\/sting\/#breadcrumb\",\"itemListElement\":[{\"@type\":\"ListItem\",\"position\":1,\"name\":\"Trang ch\u1ee7\",\"item\":\"https:\/\/quananvat.click\/\"},{\"@type\":\"ListItem\",\"position\":2,\"name\":\"Shop\",\"item\":\"https:\/\/quananvat.click\/index.php\/shop\/\"},{\"@type\":\"ListItem\",\"position\":3,\"name\":\"Sting\"}]},{\"@type\":\"WebSite\",\"@id\":\"https:\/\/quananvat.click\/#website\",\"url\":\"https:\/\/quananvat.click\/\",\"name\":\"\u0110\u1ed3 \u0102n V\u1eb7t\",\"description\":\"\",\"publisher\":{\"@id\":\"https:\/\/quananvat.click\/#organization\"},\"potentialAction\":[{\"@type\":\"SearchAction\",\"target\":{\"@type\":\"EntryPoint\",\"urlTemplate\":\"https:\/\/quananvat.click\/?s={search_term_string}\"},\"query-input\":{\"@type\":\"PropertyValueSpecification\",\"valueRequired\":true,\"valueName\":\"search_term_string\"}}],\"inLanguage\":\"vi\"},{\"@type\":\"Organization\",\"@id\":\"https:\/\/quananvat.click\/#organization\",\"name\":\"\u0110\u1ed3 \u0102n V\u1eb7t\",\"url\":\"https:\/\/quananvat.click\/\",\"logo\":{\"@type\":\"ImageObject\",\"inLanguage\":\"vi\",\"@id\":\"https:\/\/quananvat.click\/#\/schema\/logo\/image\/\",\"url\":\"https:\/\/quananvat.click\/wp-content\/uploads\/2026\/03\/unnamed-removebg-preview-3.png\",\"contentUrl\":\"https:\/\/quananvat.click\/wp-content\/uploads\/2026\/03\/unnamed-removebg-preview-3.png\",\"width\":500,\"height\":500,\"caption\":\"\u0110\u1ed3 \u0102n V\u1eb7t\"},\"image\":{\"@id\":\"https:\/\/quananvat.click\/#\/schema\/logo\/image\/\"}}]}<\/script>\n<!-- \/ Yoast SEO plugin. -->","yoast_head_json":{"title":"Sting - \u0110\u1ed3 \u0102n V\u1eb7t","robots":{"index":"index","follow":"follow","max-snippet":"max-snippet:-1","max-image-preview":"max-image-preview:large","max-video-preview":"max-video-preview:-1"},"canonical":"https:\/\/quananvat.click\/index.php\/product\/sting\/","og_locale":"vi_VN","og_type":"article","og_title":"Sting - \u0110\u1ed3 \u0102n V\u1eb7t","og_description":"Sting \u2013 N\u0103ng L\u01b0\u1ee3ng B\u1eadt Tung M\u1ecdi Kho\u1ea3nh Kh\u1eafc Sting l\u00e0 d\u00f2ng n\u01b0\u1edbc t\u0103ng l\u1ef1c quen thu\u1ed9c, \u0111\u01b0\u1ee3c y\u00eau th\u00edch b\u1edfi h\u01b0\u01a1ng v\u1ecb th\u01a1m ngon v\u00e0 kh\u1ea3 n\u0103ng ti\u1ebfp th\u00eam n\u0103ng l\u01b0\u1ee3ng nhanh ch\u00f3ng. V\u1edbi s\u1ef1 k\u1ebft h\u1ee3p h\u00e0i h\u00f2a gi\u1eefa v\u1ecb ng\u1ecdt \u0111\u1eadm \u0111\u00e0 v\u00e0 h\u01b0\u01a1ng tr\u00e1i c\u00e2y \u0111\u1eb7c tr\u01b0ng, Sting mang \u0111\u1ebfn c\u1ea3m [&hellip;]","og_url":"https:\/\/quananvat.click\/index.php\/product\/sting\/","og_site_name":"\u0110\u1ed3 \u0102n V\u1eb7t","article_modified_time":"2026-03-17T14:49:02+00:00","og_image":[{"width":168,"height":300,"url":"https:\/\/quananvat.click\/wp-content\/uploads\/2026\/03\/images-2.jpg","type":"image\/jpeg"}],"twitter_card":"summary_large_image","twitter_misc":{"\u01af\u1edbc t\u00ednh th\u1eddi gian \u0111\u1ecdc":"1 ph\u00fat"},"schema":{"@context":"https:\/\/schema.org","@graph":[{"@type":"WebPage","@id":"https:\/\/quananvat.click\/index.php\/product\/sting\/","url":"https:\/\/quananvat.click\/index.php\/product\/sting\/","name":"Sting - \u0110\u1ed3 \u0102n V\u1eb7t","isPartOf":{"@id":"https:\/\/quananvat.click\/#website"},"primaryImageOfPage":{"@id":"https:\/\/quananvat.click\/index.php\/product\/sting\/#primaryimage"},"image":{"@id":"https:\/\/quananvat.click\/index.php\/product\/sting\/#primaryimage"},"thumbnailUrl":"https:\/\/quananvat.click\/wp-content\/uploads\/2026\/03\/images-2.jpg","datePublished":"2026-03-17T14:40:37+00:00","dateModified":"2026-03-17T14:49:02+00:00","breadcrumb":{"@id":"https:\/\/quananvat.click\/index.php\/product\/sting\/#breadcrumb"},"inLanguage":"vi","potentialAction":[{"@type":"ReadAction","target":["https:\/\/quananvat.click\/index.php\/product\/sting\/"]}]},{"@type":"ImageObject","inLanguage":"vi","@id":"https:\/\/quananvat.click\/index.php\/product\/sting\/#primaryimage","url":"https:\/\/quananvat.click\/wp-content\/uploads\/2026\/03\/images-2.jpg","contentUrl":"https:\/\/quananvat.click\/wp-content\/uploads\/2026\/03\/images-2.jpg","width":168,"height":300},{"@type":"BreadcrumbList","@id":"https:\/\/quananvat.click\/index.php\/product\/sting\/#breadcrumb","itemListElement":[{"@type":"ListItem","position":1,"name":"Trang ch\u1ee7","item":"https:\/\/quananvat.click\/"},{"@type":"ListItem","position":2,"name":"Shop","item":"https:\/\/quananvat.click\/index.php\/shop\/"},{"@type":"ListItem","position":3,"name":"Sting"}]},{"@type":"WebSite","@id":"https:\/\/quananvat.click\/#website","url":"https:\/\/quananvat.click\/","name":"\u0110\u1ed3 \u0102n V\u1eb7t","description":"","publisher":{"@id":"https:\/\/quananvat.click\/#organization"},"potentialAction":[{"@type":"SearchAction","target":{"@type":"EntryPoint","urlTemplate":"https:\/\/quananvat.click\/?s={search_term_string}"},"query-input":{"@type":"PropertyValueSpecification","valueRequired":true,"valueName":"search_term_string"}}],"inLanguage":"vi"},{"@type":"Organization","@id":"https:\/\/quananvat.click\/#organization","name":"\u0110\u1ed3 \u0102n V\u1eb7t","url":"https:\/\/quananvat.click\/","logo":{"@type":"ImageObject","inLanguage":"vi","@id":"https:\/\/quananvat.click\/#\/schema\/logo\/image\/","url":"https:\/\/quananvat.click\/wp-content\/uploads\/2026\/03\/unnamed-removebg-preview-3.png","contentUrl":"https:\/\/quananvat.click\/wp-content\/uploads\/2026\/03\/unnamed-removebg-preview-3.png","width":500,"height":500,"caption":"\u0110\u1ed3 \u0102n V\u1eb7t"},"image":{"@id":"https:\/\/quananvat.click\/#\/schema\/logo\/image\/"}}]}},"jetpack_sharing_enabled":true,"_links":{"self":[{"href":"https:\/\/quananvat.click\/index.php\/wp-json\/wp\/v2\/product\/264","targetHints":{"allow":["GET"]}}],"collection":[{"href":"https:\/\/quananvat.click\/index.php\/wp-json\/wp\/v2\/product"}],"about":[{"href":"https:\/\/quananvat.click\/index.php\/wp-json\/wp\/v2\/types\/product"}],"replies":[{"embeddable":true,"href":"https:\/\/quananvat.click\/index.php\/wp-json\/wp\/v2\/comments?post=264"}],"wp:featuredmedia":[{"embeddable":true,"href":"https:\/\/quananvat.click\/index.php\/wp-json\/wp\/v2\/media\/262"}],"wp:attachment":[{"href":"https:\/\/quananvat.click\/index.php\/wp-json\/wp\/v2\/media?parent=264"}],"wp:term":[{"taxonomy":"product_brand","embeddable":true,"href":"https:\/\/quananvat.click\/index.php\/wp-json\/wp\/v2\/product_brand?post=264"},{"taxonomy":"product_cat","embeddable":true,"href":"https:\/\/quananvat.click\/index.php\/wp-json\/wp\/v2\/product_cat?post=264"},{"taxonomy":"product_tag","embeddable":true,"href":"https:\/\/quananvat.click\/index.php\/wp-json\/wp\/v2\/product_tag?post=264"}],"curies":[{"name":"wp","href":"https:\/\/api.w.org\/{rel}","templated":true}]}}