{"id":265,"date":"2026-03-17T14:43:46","date_gmt":"2026-03-17T14:43:46","guid":{"rendered":"https:\/\/quananvat.click\/?post_type=product&#038;p=265"},"modified":"2026-03-17T14:48:21","modified_gmt":"2026-03-17T14:48:21","slug":"tra-dao","status":"publish","type":"product","link":"https:\/\/quananvat.click\/index.php\/product\/tra-dao\/","title":{"rendered":"Tr\u00e0 \u0110\u00e0o"},"content":{"rendered":"<p class=\"isSelectedEnd\"><strong>Tr\u00e0 \u0110\u00e0o \u2013 Thanh M\u00e1t, Ng\u1ecdt D\u1ecbu, D\u1ec5 G\u00e2y Nghi\u1ec7n<\/strong><\/p>\n<p>Tr\u00e0 \u0111\u00e0o l\u00e0 th\u1ee9c u\u1ed1ng gi\u1ea3i kh\u00e1t \u0111\u01b0\u1ee3c y\u00eau th\u00edch nh\u1edd s\u1ef1 k\u1ebft h\u1ee3p ho\u00e0n h\u1ea3o gi\u1eefa v\u1ecb tr\u00e0 thanh nh\u1eb9 v\u00e0 h\u01b0\u01a1ng \u0111\u00e0o ng\u1ecdt d\u1ecbu, th\u01a1m m\u00e1t. T\u1eebng ng\u1ee5m tr\u00e0 mang \u0111\u1ebfn c\u1ea3m gi\u00e1c t\u01b0\u01a1i m\u1edbi, gi\u00fap xua tan c\u00e1i n\u00f3ng v\u00e0 \u0111em l\u1ea1i s\u1ef1 th\u01b0 gi\u00e3n t\u1ee9c th\u00ec.<\/p>\n","protected":false},"excerpt":{"rendered":"<p>Tr\u00e0 \u0110\u00e0o \u2013 Thanh M\u00e1t, Ng\u1ecdt D\u1ecbu, D\u1ec5 G\u00e2y Nghi\u1ec7n Tr\u00e0 \u0111\u00e0o l\u00e0 th\u1ee9c u\u1ed1ng gi\u1ea3i kh\u00e1t \u0111\u01b0\u1ee3c y\u00eau th\u00edch nh\u1edd s\u1ef1 k\u1ebft h\u1ee3p ho\u00e0n h\u1ea3o gi\u1eefa v\u1ecb tr\u00e0 thanh nh\u1eb9 v\u00e0 h\u01b0\u01a1ng \u0111\u00e0o ng\u1ecdt d\u1ecbu, th\u01a1m m\u00e1t. T\u1eebng ng\u1ee5m tr\u00e0 mang \u0111\u1ebfn c\u1ea3m gi\u00e1c t\u01b0\u01a1i m\u1edbi, gi\u00fap xua tan c\u00e1i n\u00f3ng v\u00e0 \u0111em l\u1ea1i [&hellip;]<\/p>\n","protected":false},"featured_media":261,"comment_status":"open","ping_status":"closed","template":"","meta":[],"product_brand":[],"product_cat":[35],"product_tag":[],"class_list":{"0":"post-265","1":"product","2":"type-product","3":"status-publish","4":"has-post-thumbnail","6":"product_cat-do-uong","8":"first","9":"instock","10":"shipping-taxable","11":"purchasable","12":"product-type-simple"},"yoast_head":"<!-- This site is optimized with the Yoast SEO plugin v27.2 - https:\/\/yoast.com\/product\/yoast-seo-wordpress\/ -->\n<title>Tr\u00e0 \u0110\u00e0o - \u0110\u1ed3 \u0102n V\u1eb7t<\/title>\n<meta name=\"robots\" content=\"index, follow, max-snippet:-1, max-image-preview:large, max-video-preview:-1\" \/>\n<link rel=\"canonical\" href=\"https:\/\/quananvat.click\/index.php\/product\/tra-dao\/\" \/>\n<meta property=\"og:locale\" content=\"vi_VN\" \/>\n<meta property=\"og:type\" content=\"article\" \/>\n<meta property=\"og:title\" content=\"Tr\u00e0 \u0110\u00e0o - \u0110\u1ed3 \u0102n V\u1eb7t\" \/>\n<meta property=\"og:description\" content=\"Tr\u00e0 \u0110\u00e0o \u2013 Thanh M\u00e1t, Ng\u1ecdt D\u1ecbu, D\u1ec5 G\u00e2y Nghi\u1ec7n Tr\u00e0 \u0111\u00e0o l\u00e0 th\u1ee9c u\u1ed1ng gi\u1ea3i kh\u00e1t \u0111\u01b0\u1ee3c y\u00eau th\u00edch nh\u1edd s\u1ef1 k\u1ebft h\u1ee3p ho\u00e0n h\u1ea3o gi\u1eefa v\u1ecb tr\u00e0 thanh nh\u1eb9 v\u00e0 h\u01b0\u01a1ng \u0111\u00e0o ng\u1ecdt d\u1ecbu, th\u01a1m m\u00e1t. T\u1eebng ng\u1ee5m tr\u00e0 mang \u0111\u1ebfn c\u1ea3m gi\u00e1c t\u01b0\u01a1i m\u1edbi, gi\u00fap xua tan c\u00e1i n\u00f3ng v\u00e0 \u0111em l\u1ea1i [&hellip;]\" \/>\n<meta property=\"og:url\" content=\"https:\/\/quananvat.click\/index.php\/product\/tra-dao\/\" \/>\n<meta property=\"og:site_name\" content=\"\u0110\u1ed3 \u0102n V\u1eb7t\" \/>\n<meta property=\"article:modified_time\" content=\"2026-03-17T14:48:21+00:00\" \/>\n<meta property=\"og:image\" content=\"https:\/\/quananvat.click\/wp-content\/uploads\/2026\/03\/tra-dao-1562126967-424-width800height530-1.jpg\" \/>\n\t<meta property=\"og:image:width\" content=\"800\" \/>\n\t<meta property=\"og:image:height\" content=\"530\" \/>\n\t<meta property=\"og:image:type\" content=\"image\/jpeg\" \/>\n<meta name=\"twitter:card\" content=\"summary_large_image\" \/>\n<script type=\"application\/ld+json\" class=\"yoast-schema-graph\">{\"@context\":\"https:\/\/schema.org\",\"@graph\":[{\"@type\":\"WebPage\",\"@id\":\"https:\/\/quananvat.click\/index.php\/product\/tra-dao\/\",\"url\":\"https:\/\/quananvat.click\/index.php\/product\/tra-dao\/\",\"name\":\"Tr\u00e0 \u0110\u00e0o - \u0110\u1ed3 \u0102n V\u1eb7t\",\"isPartOf\":{\"@id\":\"https:\/\/quananvat.click\/#website\"},\"primaryImageOfPage\":{\"@id\":\"https:\/\/quananvat.click\/index.php\/product\/tra-dao\/#primaryimage\"},\"image\":{\"@id\":\"https:\/\/quananvat.click\/index.php\/product\/tra-dao\/#primaryimage\"},\"thumbnailUrl\":\"https:\/\/quananvat.click\/wp-content\/uploads\/2026\/03\/tra-dao-1562126967-424-width800height530-1.jpg\",\"datePublished\":\"2026-03-17T14:43:46+00:00\",\"dateModified\":\"2026-03-17T14:48:21+00:00\",\"breadcrumb\":{\"@id\":\"https:\/\/quananvat.click\/index.php\/product\/tra-dao\/#breadcrumb\"},\"inLanguage\":\"vi\",\"potentialAction\":[{\"@type\":\"ReadAction\",\"target\":[\"https:\/\/quananvat.click\/index.php\/product\/tra-dao\/\"]}]},{\"@type\":\"ImageObject\",\"inLanguage\":\"vi\",\"@id\":\"https:\/\/quananvat.click\/index.php\/product\/tra-dao\/#primaryimage\",\"url\":\"https:\/\/quananvat.click\/wp-content\/uploads\/2026\/03\/tra-dao-1562126967-424-width800height530-1.jpg\",\"contentUrl\":\"https:\/\/quananvat.click\/wp-content\/uploads\/2026\/03\/tra-dao-1562126967-424-width800height530-1.jpg\",\"width\":800,\"height\":530},{\"@type\":\"BreadcrumbList\",\"@id\":\"https:\/\/quananvat.click\/index.php\/product\/tra-dao\/#breadcrumb\",\"itemListElement\":[{\"@type\":\"ListItem\",\"position\":1,\"name\":\"Trang ch\u1ee7\",\"item\":\"https:\/\/quananvat.click\/\"},{\"@type\":\"ListItem\",\"position\":2,\"name\":\"Shop\",\"item\":\"https:\/\/quananvat.click\/index.php\/shop\/\"},{\"@type\":\"ListItem\",\"position\":3,\"name\":\"Tr\u00e0 \u0110\u00e0o\"}]},{\"@type\":\"WebSite\",\"@id\":\"https:\/\/quananvat.click\/#website\",\"url\":\"https:\/\/quananvat.click\/\",\"name\":\"\u0110\u1ed3 \u0102n V\u1eb7t\",\"description\":\"\",\"publisher\":{\"@id\":\"https:\/\/quananvat.click\/#organization\"},\"potentialAction\":[{\"@type\":\"SearchAction\",\"target\":{\"@type\":\"EntryPoint\",\"urlTemplate\":\"https:\/\/quananvat.click\/?s={search_term_string}\"},\"query-input\":{\"@type\":\"PropertyValueSpecification\",\"valueRequired\":true,\"valueName\":\"search_term_string\"}}],\"inLanguage\":\"vi\"},{\"@type\":\"Organization\",\"@id\":\"https:\/\/quananvat.click\/#organization\",\"name\":\"\u0110\u1ed3 \u0102n V\u1eb7t\",\"url\":\"https:\/\/quananvat.click\/\",\"logo\":{\"@type\":\"ImageObject\",\"inLanguage\":\"vi\",\"@id\":\"https:\/\/quananvat.click\/#\/schema\/logo\/image\/\",\"url\":\"https:\/\/quananvat.click\/wp-content\/uploads\/2026\/03\/unnamed-removebg-preview-3.png\",\"contentUrl\":\"https:\/\/quananvat.click\/wp-content\/uploads\/2026\/03\/unnamed-removebg-preview-3.png\",\"width\":500,\"height\":500,\"caption\":\"\u0110\u1ed3 \u0102n V\u1eb7t\"},\"image\":{\"@id\":\"https:\/\/quananvat.click\/#\/schema\/logo\/image\/\"}}]}<\/script>\n<!-- \/ Yoast SEO plugin. -->","yoast_head_json":{"title":"Tr\u00e0 \u0110\u00e0o - \u0110\u1ed3 \u0102n V\u1eb7t","robots":{"index":"index","follow":"follow","max-snippet":"max-snippet:-1","max-image-preview":"max-image-preview:large","max-video-preview":"max-video-preview:-1"},"canonical":"https:\/\/quananvat.click\/index.php\/product\/tra-dao\/","og_locale":"vi_VN","og_type":"article","og_title":"Tr\u00e0 \u0110\u00e0o - \u0110\u1ed3 \u0102n V\u1eb7t","og_description":"Tr\u00e0 \u0110\u00e0o \u2013 Thanh M\u00e1t, Ng\u1ecdt D\u1ecbu, D\u1ec5 G\u00e2y Nghi\u1ec7n Tr\u00e0 \u0111\u00e0o l\u00e0 th\u1ee9c u\u1ed1ng gi\u1ea3i kh\u00e1t \u0111\u01b0\u1ee3c y\u00eau th\u00edch nh\u1edd s\u1ef1 k\u1ebft h\u1ee3p ho\u00e0n h\u1ea3o gi\u1eefa v\u1ecb tr\u00e0 thanh nh\u1eb9 v\u00e0 h\u01b0\u01a1ng \u0111\u00e0o ng\u1ecdt d\u1ecbu, th\u01a1m m\u00e1t. T\u1eebng ng\u1ee5m tr\u00e0 mang \u0111\u1ebfn c\u1ea3m gi\u00e1c t\u01b0\u01a1i m\u1edbi, gi\u00fap xua tan c\u00e1i n\u00f3ng v\u00e0 \u0111em l\u1ea1i [&hellip;]","og_url":"https:\/\/quananvat.click\/index.php\/product\/tra-dao\/","og_site_name":"\u0110\u1ed3 \u0102n V\u1eb7t","article_modified_time":"2026-03-17T14:48:21+00:00","og_image":[{"width":800,"height":530,"url":"https:\/\/quananvat.click\/wp-content\/uploads\/2026\/03\/tra-dao-1562126967-424-width800height530-1.jpg","type":"image\/jpeg"}],"twitter_card":"summary_large_image","schema":{"@context":"https:\/\/schema.org","@graph":[{"@type":"WebPage","@id":"https:\/\/quananvat.click\/index.php\/product\/tra-dao\/","url":"https:\/\/quananvat.click\/index.php\/product\/tra-dao\/","name":"Tr\u00e0 \u0110\u00e0o - \u0110\u1ed3 \u0102n V\u1eb7t","isPartOf":{"@id":"https:\/\/quananvat.click\/#website"},"primaryImageOfPage":{"@id":"https:\/\/quananvat.click\/index.php\/product\/tra-dao\/#primaryimage"},"image":{"@id":"https:\/\/quananvat.click\/index.php\/product\/tra-dao\/#primaryimage"},"thumbnailUrl":"https:\/\/quananvat.click\/wp-content\/uploads\/2026\/03\/tra-dao-1562126967-424-width800height530-1.jpg","datePublished":"2026-03-17T14:43:46+00:00","dateModified":"2026-03-17T14:48:21+00:00","breadcrumb":{"@id":"https:\/\/quananvat.click\/index.php\/product\/tra-dao\/#breadcrumb"},"inLanguage":"vi","potentialAction":[{"@type":"ReadAction","target":["https:\/\/quananvat.click\/index.php\/product\/tra-dao\/"]}]},{"@type":"ImageObject","inLanguage":"vi","@id":"https:\/\/quananvat.click\/index.php\/product\/tra-dao\/#primaryimage","url":"https:\/\/quananvat.click\/wp-content\/uploads\/2026\/03\/tra-dao-1562126967-424-width800height530-1.jpg","contentUrl":"https:\/\/quananvat.click\/wp-content\/uploads\/2026\/03\/tra-dao-1562126967-424-width800height530-1.jpg","width":800,"height":530},{"@type":"BreadcrumbList","@id":"https:\/\/quananvat.click\/index.php\/product\/tra-dao\/#breadcrumb","itemListElement":[{"@type":"ListItem","position":1,"name":"Trang ch\u1ee7","item":"https:\/\/quananvat.click\/"},{"@type":"ListItem","position":2,"name":"Shop","item":"https:\/\/quananvat.click\/index.php\/shop\/"},{"@type":"ListItem","position":3,"name":"Tr\u00e0 \u0110\u00e0o"}]},{"@type":"WebSite","@id":"https:\/\/quananvat.click\/#website","url":"https:\/\/quananvat.click\/","name":"\u0110\u1ed3 \u0102n V\u1eb7t","description":"","publisher":{"@id":"https:\/\/quananvat.click\/#organization"},"potentialAction":[{"@type":"SearchAction","target":{"@type":"EntryPoint","urlTemplate":"https:\/\/quananvat.click\/?s={search_term_string}"},"query-input":{"@type":"PropertyValueSpecification","valueRequired":true,"valueName":"search_term_string"}}],"inLanguage":"vi"},{"@type":"Organization","@id":"https:\/\/quananvat.click\/#organization","name":"\u0110\u1ed3 \u0102n V\u1eb7t","url":"https:\/\/quananvat.click\/","logo":{"@type":"ImageObject","inLanguage":"vi","@id":"https:\/\/quananvat.click\/#\/schema\/logo\/image\/","url":"https:\/\/quananvat.click\/wp-content\/uploads\/2026\/03\/unnamed-removebg-preview-3.png","contentUrl":"https:\/\/quananvat.click\/wp-content\/uploads\/2026\/03\/unnamed-removebg-preview-3.png","width":500,"height":500,"caption":"\u0110\u1ed3 \u0102n V\u1eb7t"},"image":{"@id":"https:\/\/quananvat.click\/#\/schema\/logo\/image\/"}}]}},"jetpack_sharing_enabled":true,"_links":{"self":[{"href":"https:\/\/quananvat.click\/index.php\/wp-json\/wp\/v2\/product\/265","targetHints":{"allow":["GET"]}}],"collection":[{"href":"https:\/\/quananvat.click\/index.php\/wp-json\/wp\/v2\/product"}],"about":[{"href":"https:\/\/quananvat.click\/index.php\/wp-json\/wp\/v2\/types\/product"}],"replies":[{"embeddable":true,"href":"https:\/\/quananvat.click\/index.php\/wp-json\/wp\/v2\/comments?post=265"}],"wp:featuredmedia":[{"embeddable":true,"href":"https:\/\/quananvat.click\/index.php\/wp-json\/wp\/v2\/media\/261"}],"wp:attachment":[{"href":"https:\/\/quananvat.click\/index.php\/wp-json\/wp\/v2\/media?parent=265"}],"wp:term":[{"taxonomy":"product_brand","embeddable":true,"href":"https:\/\/quananvat.click\/index.php\/wp-json\/wp\/v2\/product_brand?post=265"},{"taxonomy":"product_cat","embeddable":true,"href":"https:\/\/quananvat.click\/index.php\/wp-json\/wp\/v2\/product_cat?post=265"},{"taxonomy":"product_tag","embeddable":true,"href":"https:\/\/quananvat.click\/index.php\/wp-json\/wp\/v2\/product_tag?post=265"}],"curies":[{"name":"wp","href":"https:\/\/api.w.org\/{rel}","templated":true}]}}