{"id":267,"date":"2026-03-17T14:45:28","date_gmt":"2026-03-17T14:45:28","guid":{"rendered":"https:\/\/quananvat.click\/?post_type=product&#038;p=267"},"modified":"2026-03-17T14:47:57","modified_gmt":"2026-03-17T14:47:57","slug":"tra","status":"publish","type":"product","link":"https:\/\/quananvat.click\/index.php\/product\/tra\/","title":{"rendered":"Tr\u00e0 Chanh"},"content":{"rendered":"<p class=\"isSelectedEnd\"><strong>Tr\u00e0 Chanh \u2013 Gi\u1ea3i Kh\u00e1t Thanh M\u00e1t, \u0110\u1eadm V\u1ecb S\u1ea3ng Kho\u00e1i<\/strong><\/p>\n<p>Tr\u00e0 chanh l\u00e0 th\u1ee9c u\u1ed1ng quen thu\u1ed9c \u0111\u01b0\u1ee3c y\u00eau th\u00edch nh\u1edd h\u01b0\u01a1ng v\u1ecb chua nh\u1eb9, ng\u1ecdt thanh v\u00e0 c\u1ea3m gi\u00e1c m\u00e1t l\u1ea1nh d\u1ec5 ch\u1ecbu. S\u1ef1 k\u1ebft h\u1ee3p gi\u1eefa tr\u00e0 th\u01a1m d\u1ecbu v\u00e0 n\u01b0\u1edbc c\u1ed1t chanh t\u01b0\u01a1i t\u1ea1o n\u00ean m\u1ed9t ly n\u01b0\u1edbc gi\u1ea3i kh\u00e1t v\u1eeba s\u1ea3ng kho\u00e1i, v\u1eeba gi\u00fap \u201c\u0111\u00e1nh th\u1ee9c\u201d v\u1ecb gi\u00e1c ngay t\u1eeb ng\u1ee5m \u0111\u1ea7u ti\u00ean.<\/p>\n","protected":false},"excerpt":{"rendered":"<p>Tr\u00e0 Chanh \u2013 Gi\u1ea3i Kh\u00e1t Thanh M\u00e1t, \u0110\u1eadm V\u1ecb S\u1ea3ng Kho\u00e1i Tr\u00e0 chanh l\u00e0 th\u1ee9c u\u1ed1ng quen thu\u1ed9c \u0111\u01b0\u1ee3c y\u00eau th\u00edch nh\u1edd h\u01b0\u01a1ng v\u1ecb chua nh\u1eb9, ng\u1ecdt thanh v\u00e0 c\u1ea3m gi\u00e1c m\u00e1t l\u1ea1nh d\u1ec5 ch\u1ecbu. S\u1ef1 k\u1ebft h\u1ee3p gi\u1eefa tr\u00e0 th\u01a1m d\u1ecbu v\u00e0 n\u01b0\u1edbc c\u1ed1t chanh t\u01b0\u01a1i t\u1ea1o n\u00ean m\u1ed9t ly n\u01b0\u1edbc gi\u1ea3i kh\u00e1t v\u1eeba [&hellip;]<\/p>\n","protected":false},"featured_media":259,"comment_status":"open","ping_status":"closed","template":"","meta":[],"product_brand":[],"product_cat":[35],"product_tag":[],"class_list":{"0":"post-267","1":"product","2":"type-product","3":"status-publish","4":"has-post-thumbnail","6":"product_cat-do-uong","8":"first","9":"instock","10":"shipping-taxable","11":"purchasable","12":"product-type-simple"},"yoast_head":"<!-- This site is optimized with the Yoast SEO plugin v27.2 - https:\/\/yoast.com\/product\/yoast-seo-wordpress\/ -->\n<title>Tr\u00e0 Chanh - \u0110\u1ed3 \u0102n V\u1eb7t<\/title>\n<meta name=\"robots\" content=\"index, follow, max-snippet:-1, max-image-preview:large, max-video-preview:-1\" \/>\n<link rel=\"canonical\" href=\"https:\/\/quananvat.click\/index.php\/product\/tra\/\" \/>\n<meta property=\"og:locale\" content=\"vi_VN\" \/>\n<meta property=\"og:type\" content=\"article\" \/>\n<meta property=\"og:title\" content=\"Tr\u00e0 Chanh - \u0110\u1ed3 \u0102n V\u1eb7t\" \/>\n<meta property=\"og:description\" content=\"Tr\u00e0 Chanh \u2013 Gi\u1ea3i Kh\u00e1t Thanh M\u00e1t, \u0110\u1eadm V\u1ecb S\u1ea3ng Kho\u00e1i Tr\u00e0 chanh l\u00e0 th\u1ee9c u\u1ed1ng quen thu\u1ed9c \u0111\u01b0\u1ee3c y\u00eau th\u00edch nh\u1edd h\u01b0\u01a1ng v\u1ecb chua nh\u1eb9, ng\u1ecdt thanh v\u00e0 c\u1ea3m gi\u00e1c m\u00e1t l\u1ea1nh d\u1ec5 ch\u1ecbu. S\u1ef1 k\u1ebft h\u1ee3p gi\u1eefa tr\u00e0 th\u01a1m d\u1ecbu v\u00e0 n\u01b0\u1edbc c\u1ed1t chanh t\u01b0\u01a1i t\u1ea1o n\u00ean m\u1ed9t ly n\u01b0\u1edbc gi\u1ea3i kh\u00e1t v\u1eeba [&hellip;]\" \/>\n<meta property=\"og:url\" content=\"https:\/\/quananvat.click\/index.php\/product\/tra\/\" \/>\n<meta property=\"og:site_name\" content=\"\u0110\u1ed3 \u0102n V\u1eb7t\" \/>\n<meta property=\"article:modified_time\" content=\"2026-03-17T14:47:57+00:00\" \/>\n<meta property=\"og:image\" content=\"https:\/\/quananvat.click\/wp-content\/uploads\/2026\/03\/tai-xuong-1.jpg\" \/>\n\t<meta property=\"og:image:width\" content=\"240\" \/>\n\t<meta property=\"og:image:height\" content=\"210\" \/>\n\t<meta property=\"og:image:type\" content=\"image\/jpeg\" \/>\n<meta name=\"twitter:card\" content=\"summary_large_image\" \/>\n<meta name=\"twitter:label1\" content=\"\u01af\u1edbc t\u00ednh th\u1eddi gian \u0111\u1ecdc\" \/>\n\t<meta name=\"twitter:data1\" content=\"1 ph\u00fat\" \/>\n<script type=\"application\/ld+json\" class=\"yoast-schema-graph\">{\"@context\":\"https:\/\/schema.org\",\"@graph\":[{\"@type\":\"WebPage\",\"@id\":\"https:\/\/quananvat.click\/index.php\/product\/tra\/\",\"url\":\"https:\/\/quananvat.click\/index.php\/product\/tra\/\",\"name\":\"Tr\u00e0 Chanh - \u0110\u1ed3 \u0102n V\u1eb7t\",\"isPartOf\":{\"@id\":\"https:\/\/quananvat.click\/#website\"},\"primaryImageOfPage\":{\"@id\":\"https:\/\/quananvat.click\/index.php\/product\/tra\/#primaryimage\"},\"image\":{\"@id\":\"https:\/\/quananvat.click\/index.php\/product\/tra\/#primaryimage\"},\"thumbnailUrl\":\"https:\/\/quananvat.click\/wp-content\/uploads\/2026\/03\/tai-xuong-1.jpg\",\"datePublished\":\"2026-03-17T14:45:28+00:00\",\"dateModified\":\"2026-03-17T14:47:57+00:00\",\"breadcrumb\":{\"@id\":\"https:\/\/quananvat.click\/index.php\/product\/tra\/#breadcrumb\"},\"inLanguage\":\"vi\",\"potentialAction\":[{\"@type\":\"ReadAction\",\"target\":[\"https:\/\/quananvat.click\/index.php\/product\/tra\/\"]}]},{\"@type\":\"ImageObject\",\"inLanguage\":\"vi\",\"@id\":\"https:\/\/quananvat.click\/index.php\/product\/tra\/#primaryimage\",\"url\":\"https:\/\/quananvat.click\/wp-content\/uploads\/2026\/03\/tai-xuong-1.jpg\",\"contentUrl\":\"https:\/\/quananvat.click\/wp-content\/uploads\/2026\/03\/tai-xuong-1.jpg\",\"width\":240,\"height\":210},{\"@type\":\"BreadcrumbList\",\"@id\":\"https:\/\/quananvat.click\/index.php\/product\/tra\/#breadcrumb\",\"itemListElement\":[{\"@type\":\"ListItem\",\"position\":1,\"name\":\"Trang ch\u1ee7\",\"item\":\"https:\/\/quananvat.click\/\"},{\"@type\":\"ListItem\",\"position\":2,\"name\":\"Shop\",\"item\":\"https:\/\/quananvat.click\/index.php\/shop\/\"},{\"@type\":\"ListItem\",\"position\":3,\"name\":\"Tr\u00e0 Chanh\"}]},{\"@type\":\"WebSite\",\"@id\":\"https:\/\/quananvat.click\/#website\",\"url\":\"https:\/\/quananvat.click\/\",\"name\":\"\u0110\u1ed3 \u0102n V\u1eb7t\",\"description\":\"\",\"publisher\":{\"@id\":\"https:\/\/quananvat.click\/#organization\"},\"potentialAction\":[{\"@type\":\"SearchAction\",\"target\":{\"@type\":\"EntryPoint\",\"urlTemplate\":\"https:\/\/quananvat.click\/?s={search_term_string}\"},\"query-input\":{\"@type\":\"PropertyValueSpecification\",\"valueRequired\":true,\"valueName\":\"search_term_string\"}}],\"inLanguage\":\"vi\"},{\"@type\":\"Organization\",\"@id\":\"https:\/\/quananvat.click\/#organization\",\"name\":\"\u0110\u1ed3 \u0102n V\u1eb7t\",\"url\":\"https:\/\/quananvat.click\/\",\"logo\":{\"@type\":\"ImageObject\",\"inLanguage\":\"vi\",\"@id\":\"https:\/\/quananvat.click\/#\/schema\/logo\/image\/\",\"url\":\"https:\/\/quananvat.click\/wp-content\/uploads\/2026\/03\/unnamed-removebg-preview-3.png\",\"contentUrl\":\"https:\/\/quananvat.click\/wp-content\/uploads\/2026\/03\/unnamed-removebg-preview-3.png\",\"width\":500,\"height\":500,\"caption\":\"\u0110\u1ed3 \u0102n V\u1eb7t\"},\"image\":{\"@id\":\"https:\/\/quananvat.click\/#\/schema\/logo\/image\/\"}}]}<\/script>\n<!-- \/ Yoast SEO plugin. -->","yoast_head_json":{"title":"Tr\u00e0 Chanh - \u0110\u1ed3 \u0102n V\u1eb7t","robots":{"index":"index","follow":"follow","max-snippet":"max-snippet:-1","max-image-preview":"max-image-preview:large","max-video-preview":"max-video-preview:-1"},"canonical":"https:\/\/quananvat.click\/index.php\/product\/tra\/","og_locale":"vi_VN","og_type":"article","og_title":"Tr\u00e0 Chanh - \u0110\u1ed3 \u0102n V\u1eb7t","og_description":"Tr\u00e0 Chanh \u2013 Gi\u1ea3i Kh\u00e1t Thanh M\u00e1t, \u0110\u1eadm V\u1ecb S\u1ea3ng Kho\u00e1i Tr\u00e0 chanh l\u00e0 th\u1ee9c u\u1ed1ng quen thu\u1ed9c \u0111\u01b0\u1ee3c y\u00eau th\u00edch nh\u1edd h\u01b0\u01a1ng v\u1ecb chua nh\u1eb9, ng\u1ecdt thanh v\u00e0 c\u1ea3m gi\u00e1c m\u00e1t l\u1ea1nh d\u1ec5 ch\u1ecbu. S\u1ef1 k\u1ebft h\u1ee3p gi\u1eefa tr\u00e0 th\u01a1m d\u1ecbu v\u00e0 n\u01b0\u1edbc c\u1ed1t chanh t\u01b0\u01a1i t\u1ea1o n\u00ean m\u1ed9t ly n\u01b0\u1edbc gi\u1ea3i kh\u00e1t v\u1eeba [&hellip;]","og_url":"https:\/\/quananvat.click\/index.php\/product\/tra\/","og_site_name":"\u0110\u1ed3 \u0102n V\u1eb7t","article_modified_time":"2026-03-17T14:47:57+00:00","og_image":[{"width":240,"height":210,"url":"https:\/\/quananvat.click\/wp-content\/uploads\/2026\/03\/tai-xuong-1.jpg","type":"image\/jpeg"}],"twitter_card":"summary_large_image","twitter_misc":{"\u01af\u1edbc t\u00ednh th\u1eddi gian \u0111\u1ecdc":"1 ph\u00fat"},"schema":{"@context":"https:\/\/schema.org","@graph":[{"@type":"WebPage","@id":"https:\/\/quananvat.click\/index.php\/product\/tra\/","url":"https:\/\/quananvat.click\/index.php\/product\/tra\/","name":"Tr\u00e0 Chanh - \u0110\u1ed3 \u0102n V\u1eb7t","isPartOf":{"@id":"https:\/\/quananvat.click\/#website"},"primaryImageOfPage":{"@id":"https:\/\/quananvat.click\/index.php\/product\/tra\/#primaryimage"},"image":{"@id":"https:\/\/quananvat.click\/index.php\/product\/tra\/#primaryimage"},"thumbnailUrl":"https:\/\/quananvat.click\/wp-content\/uploads\/2026\/03\/tai-xuong-1.jpg","datePublished":"2026-03-17T14:45:28+00:00","dateModified":"2026-03-17T14:47:57+00:00","breadcrumb":{"@id":"https:\/\/quananvat.click\/index.php\/product\/tra\/#breadcrumb"},"inLanguage":"vi","potentialAction":[{"@type":"ReadAction","target":["https:\/\/quananvat.click\/index.php\/product\/tra\/"]}]},{"@type":"ImageObject","inLanguage":"vi","@id":"https:\/\/quananvat.click\/index.php\/product\/tra\/#primaryimage","url":"https:\/\/quananvat.click\/wp-content\/uploads\/2026\/03\/tai-xuong-1.jpg","contentUrl":"https:\/\/quananvat.click\/wp-content\/uploads\/2026\/03\/tai-xuong-1.jpg","width":240,"height":210},{"@type":"BreadcrumbList","@id":"https:\/\/quananvat.click\/index.php\/product\/tra\/#breadcrumb","itemListElement":[{"@type":"ListItem","position":1,"name":"Trang ch\u1ee7","item":"https:\/\/quananvat.click\/"},{"@type":"ListItem","position":2,"name":"Shop","item":"https:\/\/quananvat.click\/index.php\/shop\/"},{"@type":"ListItem","position":3,"name":"Tr\u00e0 Chanh"}]},{"@type":"WebSite","@id":"https:\/\/quananvat.click\/#website","url":"https:\/\/quananvat.click\/","name":"\u0110\u1ed3 \u0102n V\u1eb7t","description":"","publisher":{"@id":"https:\/\/quananvat.click\/#organization"},"potentialAction":[{"@type":"SearchAction","target":{"@type":"EntryPoint","urlTemplate":"https:\/\/quananvat.click\/?s={search_term_string}"},"query-input":{"@type":"PropertyValueSpecification","valueRequired":true,"valueName":"search_term_string"}}],"inLanguage":"vi"},{"@type":"Organization","@id":"https:\/\/quananvat.click\/#organization","name":"\u0110\u1ed3 \u0102n V\u1eb7t","url":"https:\/\/quananvat.click\/","logo":{"@type":"ImageObject","inLanguage":"vi","@id":"https:\/\/quananvat.click\/#\/schema\/logo\/image\/","url":"https:\/\/quananvat.click\/wp-content\/uploads\/2026\/03\/unnamed-removebg-preview-3.png","contentUrl":"https:\/\/quananvat.click\/wp-content\/uploads\/2026\/03\/unnamed-removebg-preview-3.png","width":500,"height":500,"caption":"\u0110\u1ed3 \u0102n V\u1eb7t"},"image":{"@id":"https:\/\/quananvat.click\/#\/schema\/logo\/image\/"}}]}},"jetpack_sharing_enabled":true,"_links":{"self":[{"href":"https:\/\/quananvat.click\/index.php\/wp-json\/wp\/v2\/product\/267","targetHints":{"allow":["GET"]}}],"collection":[{"href":"https:\/\/quananvat.click\/index.php\/wp-json\/wp\/v2\/product"}],"about":[{"href":"https:\/\/quananvat.click\/index.php\/wp-json\/wp\/v2\/types\/product"}],"replies":[{"embeddable":true,"href":"https:\/\/quananvat.click\/index.php\/wp-json\/wp\/v2\/comments?post=267"}],"wp:featuredmedia":[{"embeddable":true,"href":"https:\/\/quananvat.click\/index.php\/wp-json\/wp\/v2\/media\/259"}],"wp:attachment":[{"href":"https:\/\/quananvat.click\/index.php\/wp-json\/wp\/v2\/media?parent=267"}],"wp:term":[{"taxonomy":"product_brand","embeddable":true,"href":"https:\/\/quananvat.click\/index.php\/wp-json\/wp\/v2\/product_brand?post=267"},{"taxonomy":"product_cat","embeddable":true,"href":"https:\/\/quananvat.click\/index.php\/wp-json\/wp\/v2\/product_cat?post=267"},{"taxonomy":"product_tag","embeddable":true,"href":"https:\/\/quananvat.click\/index.php\/wp-json\/wp\/v2\/product_tag?post=267"}],"curies":[{"name":"wp","href":"https:\/\/api.w.org\/{rel}","templated":true}]}}